{"id":91,"date":"2021-05-12T15:02:47","date_gmt":"2021-05-12T15:02:47","guid":{"rendered":"https:\/\/kita-obertheres.de\/?page_id=91"},"modified":"2024-09-03T12:40:35","modified_gmt":"2024-09-03T12:40:35","slug":"stoerchengruppe","status":"publish","type":"page","link":"https:\/\/kita-obertheres.de\/?page_id=91","title":{"rendered":"Storchengruppe"},"content":{"rendered":"\n<h2 class=\"wp-block-heading has-text-align-left has-blue-color has-text-color\">Katharina B\u00f6hm (Erzieherin) <\/h2>\n\n\n\n<h2 class=\"wp-block-heading has-text-align-left has-blue-color has-text-color\">Claudia Reu\u00df (Erzieherin \/ Ern\u00e4hrungsp\u00e4dagogin; zertifizierte Elternbegleiterin)<\/h2>\n\n\n\n<h2 class=\"wp-block-heading has-text-align-left has-blue-color has-text-color\">Geraldine Lindner (Fachkraft f\u00fcr Hauswirtschaft und p\u00e4dagogische Hilfskraft) <\/h2>\n\n\n\n<p><\/p>\n","protected":false},"excerpt":{"rendered":"<p>Katharina B\u00f6hm (Erzieherin) Claudia Reu\u00df (Erzieherin \/ Ern\u00e4hrungsp\u00e4dagogin; zertifizierte Elternbegleiterin) Geraldine Lindner (Fachkraft f\u00fcr Hauswirtschaft und p\u00e4dagogische Hilfskraft)<\/p>\n","protected":false},"author":1,"featured_media":0,"parent":0,"menu_order":0,"comment_status":"closed","ping_status":"closed","template":"","meta":{"_coblocks_attr":"","_coblocks_dimensions":"","_coblocks_responsive_height":"","_coblocks_accordion_ie_support":"","footnotes":""},"class_list":["post-91","page","type-page","status-publish","hentry"],"_links":{"self":[{"href":"https:\/\/kita-obertheres.de\/index.php?rest_route=\/wp\/v2\/pages\/91"}],"collection":[{"href":"https:\/\/kita-obertheres.de\/index.php?rest_route=\/wp\/v2\/pages"}],"about":[{"href":"https:\/\/kita-obertheres.de\/index.php?rest_route=\/wp\/v2\/types\/page"}],"author":[{"embeddable":true,"href":"https:\/\/kita-obertheres.de\/index.php?rest_route=\/wp\/v2\/users\/1"}],"replies":[{"embeddable":true,"href":"https:\/\/kita-obertheres.de\/index.php?rest_route=%2Fwp%2Fv2%2Fcomments&post=91"}],"version-history":[{"count":17,"href":"https:\/\/kita-obertheres.de\/index.php?rest_route=\/wp\/v2\/pages\/91\/revisions"}],"predecessor-version":[{"id":831,"href":"https:\/\/kita-obertheres.de\/index.php?rest_route=\/wp\/v2\/pages\/91\/revisions\/831"}],"wp:attachment":[{"href":"https:\/\/kita-obertheres.de\/index.php?rest_route=%2Fwp%2Fv2%2Fmedia&parent=91"}],"curies":[{"name":"wp","href":"https:\/\/api.w.org\/{rel}","templated":true}]}}