{"id":9,"date":"2021-05-01T08:49:14","date_gmt":"2021-05-01T08:49:14","guid":{"rendered":"https:\/\/kita-obertheres.de\/?page_id=9"},"modified":"2025-07-25T10:11:34","modified_gmt":"2025-07-25T10:11:34","slug":"aktuelles-termine","status":"publish","type":"page","link":"https:\/\/kita-obertheres.de\/?page_id=9","title":{"rendered":"Aktuelles &#038; Termine"},"content":{"rendered":"\n<p><\/p>\n\n\n\n<h2 class=\"wp-block-heading\"><mark style=\"background-color:rgba(0, 0, 0, 0)\" class=\"has-inline-color has-green-color\">Herzlichen Dank<\/mark><\/h2>\n\n\n\n<p>&#8230;im Namen aller Kinder, des p\u00e4dagogischen Personals und des Vorstands! <\/p>\n\n\n\n<p>Wir bedanken uns herzlich f\u00fcr die bisher eingegangenen gro\u00dfz\u00fcgigen Spenden:<\/p>\n\n\n\n<p>Elektro Schmitt GmbH &#8211; 250 \u20ac &#8211;<\/p>\n\n\n\n<p>Fliesen u. Platten Prinz u. Stapf GmbH<\/p>\n\n\n\n<p>K\u00fcmmerl, Nina &amp; Benjamin &#8211; 500 \u20ac &#8211;<\/p>\n\n\n\n<p>Langer, Christian<\/p>\n\n\n\n<p>Sparkasse Schweinfurt-Ha\u00dfberge &#8211; 500 \u20ac &#8211;<\/p>\n\n\n\n<p><\/p>\n\n\n\n<p><\/p>\n\n\n\n<p><\/p>\n\n\n\n<p><\/p>\n\n\n\n<p><\/p>\n\n\n\n\n\n<h2 class=\"wp-block-heading has-larger-font-size\"><\/h2>\n\n\n\n<p><\/p>\n\n\n\n<p><\/p>\n\n\n\n<p><\/p>\n\n\n\n<p><\/p>\n\n\n\n<p><\/p>\n\n\n\n<p><\/p>\n\n\n\n<p><\/p>\n\n\n\n<p><\/p>\n\n\n\n<p><\/p>\n\n\n\n<p><\/p>\n\n\n\n<p><\/p>\n\n\n\n<p><\/p>\n\n\n\n<p><\/p>\n\n\n\n<p><\/p>\n\n\n\n<p><\/p>\n","protected":false},"excerpt":{"rendered":"<p>Herzlichen Dank &#8230;im Namen aller Kinder, des p\u00e4dagogischen Personals und des Vorstands! Wir bedanken uns herzlich f\u00fcr die bisher eingegangenen gro\u00dfz\u00fcgigen Spenden: Elektro Schmitt GmbH &#8211; 250 \u20ac &#8211; Fliesen u. Platten Prinz u. Stapf GmbH K\u00fcmmerl, Nina &amp; Benjamin [&hellip;]<\/p>\n","protected":false},"author":1,"featured_media":0,"parent":0,"menu_order":0,"comment_status":"closed","ping_status":"closed","template":"","meta":{"_coblocks_attr":"Abril Fatface,","_coblocks_dimensions":"","_coblocks_responsive_height":"","_coblocks_accordion_ie_support":"","footnotes":""},"class_list":["post-9","page","type-page","status-publish","hentry"],"_links":{"self":[{"href":"https:\/\/kita-obertheres.de\/index.php?rest_route=\/wp\/v2\/pages\/9"}],"collection":[{"href":"https:\/\/kita-obertheres.de\/index.php?rest_route=\/wp\/v2\/pages"}],"about":[{"href":"https:\/\/kita-obertheres.de\/index.php?rest_route=\/wp\/v2\/types\/page"}],"author":[{"embeddable":true,"href":"https:\/\/kita-obertheres.de\/index.php?rest_route=\/wp\/v2\/users\/1"}],"replies":[{"embeddable":true,"href":"https:\/\/kita-obertheres.de\/index.php?rest_route=%2Fwp%2Fv2%2Fcomments&post=9"}],"version-history":[{"count":19,"href":"https:\/\/kita-obertheres.de\/index.php?rest_route=\/wp\/v2\/pages\/9\/revisions"}],"predecessor-version":[{"id":955,"href":"https:\/\/kita-obertheres.de\/index.php?rest_route=\/wp\/v2\/pages\/9\/revisions\/955"}],"wp:attachment":[{"href":"https:\/\/kita-obertheres.de\/index.php?rest_route=%2Fwp%2Fv2%2Fmedia&parent=9"}],"curies":[{"name":"wp","href":"https:\/\/api.w.org\/{rel}","templated":true}]}}