{"id":88,"date":"2021-05-12T14:58:49","date_gmt":"2021-05-12T14:58:49","guid":{"rendered":"https:\/\/kita-obertheres.de\/?page_id=88"},"modified":"2025-07-02T10:34:55","modified_gmt":"2025-07-02T10:34:55","slug":"teamvorstellung","status":"publish","type":"page","link":"https:\/\/kita-obertheres.de\/?page_id=88","title":{"rendered":"Unser Team"},"content":{"rendered":"\n<p>Unser multiprofessionelles Team besteht aus ausgezeichneten Fachkr\u00e4ften, die sich mit ihren St\u00e4rken und ihren Pers\u00f6nlichkeiten in den Kitaalltag einbringen. Der Kitaalltag lebt von der Vielfalt und Unterschiedlichkeit. F\u00fcr uns ist es eine Selbstverst\u00e4ndlichkeit Kindern wie Erwachsenen respektvoll, wertsch\u00e4tzend und interessiert entgegenzutreten und Bed\u00fcrfnisse ernst zu nehmen. Wir verstehen uns als Lernbegleiter, Forscher, Mitentdecker und Zeugen von kindlichen Lernprozessen. So sind wir mit den Kindern intensiv im Dialog, binden sie in wichtige Entscheidungen die sie betreffen mit ein und feiern mit ihnen Lernerfolge.<\/p>\n\n\n\n<p>Wir verstehen uns als Ausbildungseinrichtung und bieten jedes Jahr Auszubildenden aus unterschiedlichen p\u00e4dagogischen Arbeitsfeldern die M\u00f6glichkeit einen Teil ihrer Ausbildung bei uns zu durchlaufen.<\/p>\n\n\n\n<figure class=\"wp-block-image size-large\"><img loading=\"lazy\" decoding=\"async\" width=\"1024\" height=\"739\" src=\"https:\/\/kita-obertheres.de\/wp-content\/uploads\/2025\/07\/Foto-1024x739.jpg\" alt=\"\" class=\"wp-image-942\" srcset=\"https:\/\/kita-obertheres.de\/wp-content\/uploads\/2025\/07\/Foto-1024x739.jpg 1024w, https:\/\/kita-obertheres.de\/wp-content\/uploads\/2025\/07\/Foto-300x217.jpg 300w, https:\/\/kita-obertheres.de\/wp-content\/uploads\/2025\/07\/Foto-768x554.jpg 768w, https:\/\/kita-obertheres.de\/wp-content\/uploads\/2025\/07\/Foto.jpg 1280w\" sizes=\"(max-width: 1024px) 100vw, 1024px\" \/><\/figure>\n","protected":false},"excerpt":{"rendered":"<p>Unser multiprofessionelles Team besteht aus ausgezeichneten Fachkr\u00e4ften, die sich mit ihren St\u00e4rken und ihren Pers\u00f6nlichkeiten in den Kitaalltag einbringen. Der Kitaalltag lebt von der Vielfalt und Unterschiedlichkeit. F\u00fcr uns ist es eine Selbstverst\u00e4ndlichkeit Kindern wie Erwachsenen respektvoll, wertsch\u00e4tzend und interessiert [&hellip;]<\/p>\n","protected":false},"author":1,"featured_media":0,"parent":0,"menu_order":0,"comment_status":"closed","ping_status":"closed","template":"","meta":{"_coblocks_attr":"","_coblocks_dimensions":"","_coblocks_responsive_height":"","_coblocks_accordion_ie_support":"","footnotes":""},"class_list":["post-88","page","type-page","status-publish","hentry"],"_links":{"self":[{"href":"https:\/\/kita-obertheres.de\/index.php?rest_route=\/wp\/v2\/pages\/88"}],"collection":[{"href":"https:\/\/kita-obertheres.de\/index.php?rest_route=\/wp\/v2\/pages"}],"about":[{"href":"https:\/\/kita-obertheres.de\/index.php?rest_route=\/wp\/v2\/types\/page"}],"author":[{"embeddable":true,"href":"https:\/\/kita-obertheres.de\/index.php?rest_route=\/wp\/v2\/users\/1"}],"replies":[{"embeddable":true,"href":"https:\/\/kita-obertheres.de\/index.php?rest_route=%2Fwp%2Fv2%2Fcomments&post=88"}],"version-history":[{"count":8,"href":"https:\/\/kita-obertheres.de\/index.php?rest_route=\/wp\/v2\/pages\/88\/revisions"}],"predecessor-version":[{"id":943,"href":"https:\/\/kita-obertheres.de\/index.php?rest_route=\/wp\/v2\/pages\/88\/revisions\/943"}],"wp:attachment":[{"href":"https:\/\/kita-obertheres.de\/index.php?rest_route=%2Fwp%2Fv2%2Fmedia&parent=88"}],"curies":[{"name":"wp","href":"https:\/\/api.w.org\/{rel}","templated":true}]}}