{"id":79,"date":"2021-05-09T14:40:17","date_gmt":"2021-05-09T14:40:17","guid":{"rendered":"https:\/\/kita-obertheres.de\/?page_id=79"},"modified":"2026-02-02T08:03:56","modified_gmt":"2026-02-02T08:03:56","slug":"beitraege","status":"publish","type":"page","link":"https:\/\/kita-obertheres.de\/?page_id=79","title":{"rendered":"Beitr\u00e4ge und Sonderleistungen"},"content":{"rendered":"\n<h3 class=\"wp-block-heading has-green-color has-text-color\">Erziehungsbeitrag<\/h3>\n\n\n\n<p>Unser Kindergarten ist von 7:00 Uhr -16:00 Uhr ge\u00f6ffnet. F\u00fcr Kinder unter 2,5 Jahren ist die Krippe t\u00e4glich von 7:00 Uhr -15:00 Uhr ge\u00f6ffnet. Die Erziehungsbeitr\u00e4ge richten sich nach den gebuchten Stunden, sind monatlich zu entrichten und folgenderma\u00dfen gestaffelt:<br><br><strong>Elternbeitr\u00e4ge ab 01.09.2025<\/strong><br><strong>Regelkind 3 bis 6 Jahre<\/strong><br>3-4 Std. pro Tag 150,00 \u20ac\/Monat<br>4-5 Std. pro Tag 165,00 \u20ac\/Monat<br>5-6 Std. pro Tag 180,00 \u20ac\/Monat<br>6-7 Std. pro Tag 195,00 \u20ac\/Monat<br>7-8 Std. pro Tag 210,00 \u20ac\/Monat<br>8-9 Std. pro Tag 225,00 \u20ac\/Monat<br><\/p>\n\n\n\n<p><strong>Krippenkind unter 3 Jahre <\/strong><br>3-4 Std. pro Tag 225,00 \u20ac\/Monat<br>4-5 Std. pro Tag 247,00 \u20ac\/Monat<br>5-6 Std. pro Tag 270,00 \u20ac\/Monat<br>6-7 Std. pro Tag 292,00 \u20ac\/Monat<br>7-8 Std. pro Tag 315,00 \u20ac\/Monat<br>8-9 Std. pro Tag 337,00 \u20ac\/Monat<br><br>Das Mittagessen kostet f\u00fcr Kinder von 3-6 Jahren 4,00\u20ac und f\u00fcr Kinder von 1-3 Jahren 3,00\u20ac pro Essen. Das Mittagessen wird monatlich zu den Stunden hinzugebucht. Ferien und Schlie\u00dfzeiten werden von der Berechnung ausgenommen. Das Mittagessen kann ab einer Abwesenheit von mindestens 3 aufeinanderfolgenden Tagen abbestellt werden. Die Abmeldung muss bis sp\u00e4testens zum 20. des Vormonats f\u00fcr den darauffolgenden Abrechnungsmonat bei uns eingehen. <br>Der Erziehungsbeitrag ist auch w\u00e4hrend vor\u00fcbergehender Abwesenheit des Kindes und w\u00e4hrend der Schlie\u00dfzeiten zu entrichten, da die Betriebskosten der Kita weiterlaufen. Wir weisen darauf hin, dass eine Angleichung der monatlichen Beitr\u00e4ge an die allgemeine Kostenentwicklung auch w\u00e4hrend des laufenden Kitajahres erfolgen kann. Der Jahresbeitrag wird in 12 Monatsbeitr\u00e4gen erhoben, die jeweils zu Beginn des Monats durch Einzugserm\u00e4chtigung zu entrichten sind.<\/p>\n\n\n\n<p class=\"has-blue-color has-text-color\"><strong><span style=\"color:#673bba\" class=\"tadv-color\">Eine \u00dcbernahme des Beitrages ist auf Antrag beim Jugendamt m\u00f6glich.<\/span><\/strong><\/p>\n\n\n\n<p><\/p>\n\n\n\n<p><\/p>\n\n\n\n<h3 class=\"wp-block-heading has-green-color has-text-color\">Sonderleistungen<\/h3>\n\n\n\n<p>Um unsere Betriebskosten und damit auch die H\u00f6he der Elternbeitr\u00e4ge so gering wie m\u00f6glich zu halten, werden anfallende Arbeiten teilweise von den Eltern \u00fcbernommen. F\u00fcr die im Kitajahr anfallenden Arbeiten werden 12 Stunden pro Familie angesetzt. Diese Stunden k\u00f6nnen wahlweise von beiden Elternteilen bei Arbeitseins\u00e4tzen im Herbst und Fr\u00fchjahr, beim Kleiderbasar, sowie an den verschiedenen Festen und Veranstaltungen sowie nach Vereinbarung mit dem Vorstand oder der Kindergartenleitung geleistet werden.<br>Zum Ende des Kitajahres werden die Fehlstunden mit 10\u20ac\/Std. berechnet und der Betrag vom Konto eingezogen.<\/p>\n","protected":false},"excerpt":{"rendered":"<p>Erziehungsbeitrag Unser Kindergarten ist von 7:00 Uhr -16:00 Uhr ge\u00f6ffnet. F\u00fcr Kinder unter 2,5 Jahren ist die Krippe t\u00e4glich von 7:00 Uhr -15:00 Uhr ge\u00f6ffnet. Die Erziehungsbeitr\u00e4ge richten sich nach den gebuchten Stunden, sind monatlich zu entrichten und folgenderma\u00dfen gestaffelt: [&hellip;]<\/p>\n","protected":false},"author":1,"featured_media":0,"parent":0,"menu_order":0,"comment_status":"closed","ping_status":"closed","template":"","meta":{"_coblocks_attr":"","_coblocks_dimensions":"","_coblocks_responsive_height":"","_coblocks_accordion_ie_support":"","footnotes":""},"class_list":["post-79","page","type-page","status-publish","hentry"],"_links":{"self":[{"href":"https:\/\/kita-obertheres.de\/index.php?rest_route=\/wp\/v2\/pages\/79"}],"collection":[{"href":"https:\/\/kita-obertheres.de\/index.php?rest_route=\/wp\/v2\/pages"}],"about":[{"href":"https:\/\/kita-obertheres.de\/index.php?rest_route=\/wp\/v2\/types\/page"}],"author":[{"embeddable":true,"href":"https:\/\/kita-obertheres.de\/index.php?rest_route=\/wp\/v2\/users\/1"}],"replies":[{"embeddable":true,"href":"https:\/\/kita-obertheres.de\/index.php?rest_route=%2Fwp%2Fv2%2Fcomments&post=79"}],"version-history":[{"count":13,"href":"https:\/\/kita-obertheres.de\/index.php?rest_route=\/wp\/v2\/pages\/79\/revisions"}],"predecessor-version":[{"id":968,"href":"https:\/\/kita-obertheres.de\/index.php?rest_route=\/wp\/v2\/pages\/79\/revisions\/968"}],"wp:attachment":[{"href":"https:\/\/kita-obertheres.de\/index.php?rest_route=%2Fwp%2Fv2%2Fmedia&parent=79"}],"curies":[{"name":"wp","href":"https:\/\/api.w.org\/{rel}","templated":true}]}}