{"id":76,"date":"2021-05-09T14:33:09","date_gmt":"2021-05-09T14:33:09","guid":{"rendered":"https:\/\/kita-obertheres.de\/?page_id=76"},"modified":"2022-05-23T09:24:55","modified_gmt":"2022-05-23T09:24:55","slug":"eingewoehnung","status":"publish","type":"page","link":"https:\/\/kita-obertheres.de\/?page_id=76","title":{"rendered":"Eingew\u00f6hnung"},"content":{"rendered":"\n<figure class=\"wp-block-image size-large is-resized is-style-default\"><img loading=\"lazy\" decoding=\"async\" class=\"wp-image-85 alignright\" src=\"https:\/\/kita-obertheres.de\/wp-content\/uploads\/2021\/05\/eingew-1.png\" alt=\"\" width=\"203\" height=\"239\"><\/figure>\n\n\n\n<p><br>Damit sich das Kind bei uns wohl und geborgen f\u00fchlen kann, ist es sehr wichtig, ihm genug Zeit zu geben anzukommen, sich gut einzugew\u00f6hnen und das Personal der Gruppe kennen zu lernen. Es warten viele neue Eindr\u00fccke und Erfahrungen auf das Kind und wir m\u00f6chten es bei der Bew\u00e4ltigung der neuen Aufgaben und Eindr\u00fccke als sichere Basis unterst\u00fctzen.<br>Auch die Eltern sollen in dieser Zeit die M\u00f6glichkeit haben, unsere p\u00e4dagogische Arbeit kennen zu lernen und Vertrauen zum Personal aufzubauen. Die Eingew\u00f6hnung sollte ein Elternteil, gerne auch Oma oder Opa, \u00fcbernehmen.<br><br>Den Wechsel der Krippenkinder in den Kindergarten begleitet unser Krippenpersonal. So wird ein sanfter \u00dcbergang gew\u00e4hrleistet.<\/p>\n\n\n\n<p><\/p>\n","protected":false},"excerpt":{"rendered":"<p>Damit sich das Kind bei uns wohl und geborgen f\u00fchlen kann, ist es sehr wichtig, ihm genug Zeit zu geben anzukommen, sich gut einzugew\u00f6hnen und das Personal der Gruppe kennen zu lernen. Es warten viele neue Eindr\u00fccke und Erfahrungen auf [&hellip;]<\/p>\n","protected":false},"author":1,"featured_media":0,"parent":0,"menu_order":0,"comment_status":"closed","ping_status":"closed","template":"","meta":{"_coblocks_attr":"","_coblocks_dimensions":"","_coblocks_responsive_height":"","_coblocks_accordion_ie_support":"","footnotes":""},"class_list":["post-76","page","type-page","status-publish","hentry"],"_links":{"self":[{"href":"https:\/\/kita-obertheres.de\/index.php?rest_route=\/wp\/v2\/pages\/76"}],"collection":[{"href":"https:\/\/kita-obertheres.de\/index.php?rest_route=\/wp\/v2\/pages"}],"about":[{"href":"https:\/\/kita-obertheres.de\/index.php?rest_route=\/wp\/v2\/types\/page"}],"author":[{"embeddable":true,"href":"https:\/\/kita-obertheres.de\/index.php?rest_route=\/wp\/v2\/users\/1"}],"replies":[{"embeddable":true,"href":"https:\/\/kita-obertheres.de\/index.php?rest_route=%2Fwp%2Fv2%2Fcomments&post=76"}],"version-history":[{"count":8,"href":"https:\/\/kita-obertheres.de\/index.php?rest_route=\/wp\/v2\/pages\/76\/revisions"}],"predecessor-version":[{"id":530,"href":"https:\/\/kita-obertheres.de\/index.php?rest_route=\/wp\/v2\/pages\/76\/revisions\/530"}],"wp:attachment":[{"href":"https:\/\/kita-obertheres.de\/index.php?rest_route=%2Fwp%2Fv2%2Fmedia&parent=76"}],"curies":[{"name":"wp","href":"https:\/\/api.w.org\/{rel}","templated":true}]}}