{"id":588,"date":"2022-09-14T16:47:50","date_gmt":"2022-09-14T16:47:50","guid":{"rendered":"https:\/\/kita-obertheres.de\/?page_id=588"},"modified":"2022-09-14T17:07:20","modified_gmt":"2022-09-14T17:07:20","slug":"atelier-2","status":"publish","type":"page","link":"https:\/\/kita-obertheres.de\/?page_id=588","title":{"rendered":"Atelier"},"content":{"rendered":"\n<p class=\"has-blue-color has-text-color has-regular-font-size has-custom-letterspacing\" style=\"letter-spacing:0.1px;font-size:17px\"><strong><span style=\"color:#3A43BA\" class=\"tadv-color\">Das<\/span><\/strong> <span style=\"color:#D0312D\" class=\"tadv-color\">A<\/span><span style=\"color:#3BB143\" class=\"tadv-color\">T<\/span><span style=\"color:#3A43BA\" class=\"tadv-color\">E<\/span><span style=\"color:#A32CC4\" class=\"tadv-color\">L<\/span><span style=\"color:#3A43BA\" class=\"tadv-color\">I<\/span><span style=\"color:#ED7014\" class=\"tadv-color\">E<\/span><span style=\"color:#D0312D\" class=\"tadv-color\">R<\/span> &#8211;<strong><span style=\"color:#3A43BA\" class=\"tadv-color\">Raum f\u00fcr K\u00fcnstler, Entdecker, Forscher und Freigeister<\/span><\/strong><\/p>\n\n\n\n<blockquote class=\"wp-block-quote is-style-plain has-green-color has-text-color is-layout-flow wp-block-quote-is-layout-flow\" style=\"font-style:italic;font-weight:400\"><p>Jedes Kind ist ein K\u00fcnstler. Das Problem ist nur, wie man ein K\u00fcnstler bleibt, wenn man gr\u00f6\u00dfer wird.<\/p><cite>Pablo Picaso<\/cite><\/blockquote>\n\n\n\n<p><\/p>\n\n\n\n<p>Das Malen und Werken, der Umgang mit Farben und Formen, Werkzeugen und Materialien, das genaue Beobachten, sowie das spielerische Herumprobieren ist f\u00fcr Kinder etwas sehr Wichtiges. Es erdet sie, gibt ihnen Ruhe und das Bewusstsein etwas Eigenst\u00e4ndiges erschaffen zu k\u00f6nnen. Zum selbstt\u00e4tigen und schablonenfreien Gestalten stehen im Atelier vielf\u00e4ltige Materialien zur freien Verf\u00fcgung.<\/p>\n\n\n\n<p><br>Das Atelier profitiert von unserer Grundidee, dass Kinder in einer vorbereiteten Umgebung zum <strong>Experimentieren, Forschen, und Entdecken angeregt werden<\/strong>. Durch das Bereitstellen verschiedener und interessanter Materialien erm\u00f6glichen wir den Kindern, sich individuell und an den eigenen Bed\u00fcrfnissen orientiert, zu entfalten und sich auszuprobieren. Die Ausstattung des Ateliers ber\u00fccksichtigt die Entwicklung und die Interessen der unterschiedlichen Altersstrukturen unserer Kinder.<\/p>\n\n\n\n<p><br>Unter der Begrifflichkeit Materialien verstehen wir nicht nur k\u00fcnstlerischen Werkstoffe, wie Farben, Papier und Kleister. Wir bieten den Kindern zudem auch Materialien des allt\u00e4glichen Lebens und Naturmaterialien an, mit denen sie kreativ arbeiten k\u00f6nnen, die sich ver\u00e4ndern und entfremden lassen, so dass auf diese Weise zu kreativen Prozessen aufgefordert und angeregt wird.<\/p>\n\n\n\n<p>Mit allen Sinnen sollen u.a. Kreativit\u00e4t, Wahrnehmungsf\u00e4higkeit und Feinmotorik gef\u00f6rdert werden\u2013 <strong>ohne Wettbewerb, Erwartungsdruck, Vergleiche und Urteile!<\/strong><\/p>\n\n\n\n<div class=\"wp-block-media-text has-media-on-the-right is-stacked-on-mobile is-style-default\" style=\"grid-template-columns:auto 25%\"><figure class=\"wp-block-media-text__media\"><img loading=\"lazy\" decoding=\"async\" width=\"552\" height=\"552\" src=\"https:\/\/kita-obertheres.de\/wp-content\/uploads\/2022\/09\/atelier.png\" alt=\"\" class=\"wp-image-679 size-full\" srcset=\"https:\/\/kita-obertheres.de\/wp-content\/uploads\/2022\/09\/atelier.png 552w, https:\/\/kita-obertheres.de\/wp-content\/uploads\/2022\/09\/atelier-300x300.png 300w, https:\/\/kita-obertheres.de\/wp-content\/uploads\/2022\/09\/atelier-150x150.png 150w\" sizes=\"(max-width: 552px) 100vw, 552px\" \/><\/figure><div class=\"wp-block-media-text__content\">\n<p>Unser Ziel ist es, auf <strong>jedes Kind individuell einzugehen und vor allem viel Abwechslung zu bieten<\/strong>. Bei der Themenauswahl entscheiden die Kids gerne mit.<\/p>\n<\/div><\/div>\n\n\n\n<p><span style=\"text-decoration: underline\" class=\"underline\"><strong>Alle Info`s<\/strong><\/span>:<\/p>\n\n\n\n<p><span style=\"text-decoration: underline\" class=\"underline\">Unser Atelier ist ge\u00f6ffnet:<\/span> Dienstag und Donnerstag<\/p>\n\n\n\n<p><br><span style=\"text-decoration: underline\" class=\"underline\">\u00d6ffnungszeit:<\/span> 14.00 bis 15.00 Uhr<\/p>\n\n\n\n<p><br><span style=\"text-decoration: underline\" class=\"underline\">Kinder:<\/span> 3 B\u00e4ren und 3 St\u00f6rche.<br>Die Kinder k\u00f6nnen sich jeweils am Vortag im Morgenkreis anmelden. Wir geben die Namen an der Infowand im Eingangsbereich bekannt. Sie k\u00f6nnen Ihr Kind dann entsprechend abholen.<\/p>\n\n\n\n<p><br><span style=\"text-decoration: underline\" class=\"underline\">Kleidung:<\/span> Bitte am \u201eKreativtag\u201c \u00e4ltere Kleidung anziehen, die auch schmutzig werden darf.<\/p>\n\n\n\n<p><br><span style=\"text-decoration: underline\" class=\"underline\">Leitung:<\/span> Claudia Reu\u00df (Storchengruppe)<\/p>\n\n\n\n<p><br>Wir freuen uns \u00fcber jegliches Kreativmaterial. F\u00fcr die schon eingegangenen Spenden m\u00f6chten wir uns sehr herzlich bedanken.<\/p>\n\n\n\n<p><\/p>\n","protected":false},"excerpt":{"rendered":"<p>Das ATELIER &#8211;Raum f\u00fcr K\u00fcnstler, Entdecker, Forscher und Freigeister Jedes Kind ist ein K\u00fcnstler. Das Problem ist nur, wie man ein K\u00fcnstler bleibt, wenn man gr\u00f6\u00dfer wird. Pablo Picaso Das Malen und Werken, der Umgang mit Farben und Formen, Werkzeugen [&hellip;]<\/p>\n","protected":false},"author":4,"featured_media":0,"parent":0,"menu_order":0,"comment_status":"closed","ping_status":"closed","template":"","meta":{"_coblocks_attr":"","_coblocks_dimensions":"","_coblocks_responsive_height":"","_coblocks_accordion_ie_support":"","footnotes":""},"class_list":["post-588","page","type-page","status-publish","hentry"],"_links":{"self":[{"href":"https:\/\/kita-obertheres.de\/index.php?rest_route=\/wp\/v2\/pages\/588"}],"collection":[{"href":"https:\/\/kita-obertheres.de\/index.php?rest_route=\/wp\/v2\/pages"}],"about":[{"href":"https:\/\/kita-obertheres.de\/index.php?rest_route=\/wp\/v2\/types\/page"}],"author":[{"embeddable":true,"href":"https:\/\/kita-obertheres.de\/index.php?rest_route=\/wp\/v2\/users\/4"}],"replies":[{"embeddable":true,"href":"https:\/\/kita-obertheres.de\/index.php?rest_route=%2Fwp%2Fv2%2Fcomments&post=588"}],"version-history":[{"count":5,"href":"https:\/\/kita-obertheres.de\/index.php?rest_route=\/wp\/v2\/pages\/588\/revisions"}],"predecessor-version":[{"id":684,"href":"https:\/\/kita-obertheres.de\/index.php?rest_route=\/wp\/v2\/pages\/588\/revisions\/684"}],"wp:attachment":[{"href":"https:\/\/kita-obertheres.de\/index.php?rest_route=%2Fwp%2Fv2%2Fmedia&parent=588"}],"curies":[{"name":"wp","href":"https:\/\/api.w.org\/{rel}","templated":true}]}}