{"id":4,"date":"2021-05-01T07:23:50","date_gmt":"2021-05-01T07:23:50","guid":{"rendered":"https:\/\/kita-obertheres.de\/?page_id=4"},"modified":"2026-03-20T12:02:54","modified_gmt":"2026-03-20T12:02:54","slug":"willkommen-auf-https-kita-obertheres-de-2","status":"publish","type":"page","link":"https:\/\/kita-obertheres.de\/?page_id=4","title":{"rendered":"Termine  2026"},"content":{"rendered":"\n<p class=\"has-green-color has-text-color has-link-color wp-elements-b38d33196baf0db942da90c9ef388ba4\"><span class=\"tadv-color\" style=\"color: #339966;\"><strong>Alle<\/strong><span style=\"color: #000000;\"><strong><mark style=\"background-color:rgba(0, 0, 0, 0)\" class=\"has-inline-color has-green-color\"> <\/mark><mark style=\"background-color:rgba(0, 0, 0, 0)\" class=\"has-inline-color has-black-color\">gr\u00fcn g<\/mark>ekennzeichneten Tage<\/strong> <\/span><strong>sind Schlie\u00dftage der Kita <br><\/strong><\/span><\/p>\n\n\n\n<p><\/p>\n\n\n\n\n\n<p><\/p>\n\n\n\n<p><\/p>\n\n\n\n<p><\/p>\n\n\n\n<p><\/p>\n\n\n\n<p><\/p>\n\n\n\n<p><\/p>\n\n\n\n<p><\/p>\n\n\n\n<p><\/p>\n\n\n\n<p><\/p>\n\n\n\n\n\n<p><strong>Januar 2026<\/strong><\/p>\n<ul>\n<li>29.01. Takka-Tukka-Land<\/li>\n<\/ul>\n<p>\u00a0<\/p>\n<p><strong>Februar 2026<\/strong><\/p>\n<ul>\n<li>04.02. 10:00 Uhr Blasiussegen mit Bernd Wagenh\u00e4user<\/li>\n<li>06.02. Kita geschlossen (Fortbildung)<\/li>\n<li>13.02. Schlafanzugparty<\/li>\n<li><span style=\"color: #99cc00;\">16.02. Kita geschlossen<\/span><\/li>\n<li>17.02. Faschingsparty<\/li>\n<li>26.02. Projektarbeit immer Donnerstag<\/li>\n<li>27.02. Abschiedsgottesdienst Bernd<\/li>\n<\/ul>\n<p>\u00a0<\/p>\n<p><strong>M\u00e4rz 2026<\/strong><\/p>\n<ul>\n<li><span style=\"color: #99cc00;\">09.03. Kita geschlossen<\/span><\/li>\n<li>11.03. Trau dich ein Ersthelfer zu sein<\/li>\n<li>13.03. Oma\/Opa Tag in der K\u00e4ferchengruppe<\/li>\n<li>17.03. Oma\/Opa Tag in der Storchengruppe<\/li>\n<li>18.03. Oma\/Opa Tag in der Pusteblumengruppe<\/li>\n<li>19.03. Oma\/Opa Tag in der B\u00e4rengruppe<\/li>\n<li><span style=\"color: #99cc00;\">20.03. Kita geschlossen<\/span><\/li>\n<li>26.03. Osternestsuche<\/li>\n<li>27.03. religi\u00f6se Osterfeier<\/li>\n<\/ul>\n<p>\u00a0<\/p>\n<p><strong>April 2026<\/strong><\/p>\n<ul>\n<li><span style=\"color: #99cc00;\">01.04. und 02.04. Kita geschlossen<\/span><\/li>\n<li>14.04. Kinder aus der gr\u00fcnen Gruppe werden zum &#8222;Schuli&#8220; ernannt. (&#8222;Schuli = angehende Schulkinder ab September 2026)<\/li>\n<\/ul>\n<p>\u00a0<\/p>\n<p><strong>Mai 2026<\/strong><\/p>\n<ul>\n<li>09.05. Sommerfest<\/li>\n<li><span style=\"color: #99cc00;\">15.05. Kita geschlossen<\/span><\/li>\n<li>20.05. Fototermin (K\u00e4ferchen, B\u00e4ren)<\/li>\n<li>21.05. Fototermin (Pusteblumen, St\u00f6rche)<\/li>\n<\/ul>\n<p>\u00a0<\/p>\n<p><strong>Juni 2026<\/strong><\/p>\n<ul>\n<li><span style=\"color: #99cc00;\">01.06.-05.06. Kita geschlossen<\/span><\/li>\n<li>10.06. 13:30 Uhr sicher im Stra\u00dfenverkehr mit der Polizei Ha\u00dffurt (Programm f\u00fcr die Schulis)<\/li>\n<li>18.06. 19:00 Uhr Elternabend f\u00fcr die Eltern deren Kinder im September von der Krippe in den Kindergarten wechseln\u00a0\u00a0<\/li>\n<\/ul>\n<p>\u00a0<\/p>\n<p><strong>Juli 2026<\/strong><\/p>\n<ul>\n<li>03.07. Ausflug der Schulis\u00a0<\/li>\n<li>23.07. 14:00 Uhr Abschlussgottesdienst f\u00fcr und mit unseren Schulis<\/li>\n<li>27.07. B\u00fcchertaschenparty mit den Schulis\u00a0<\/li>\n<li>29.07.-05.08. \u00dcbergang der Krippenkinder in den Kindergarten<\/li>\n<\/ul>\n<p>\u00a0<\/p>\n<p><strong>August 2026<\/strong><\/p>\n<ul>\n<li>06.08. 19:00 Uhr \u00dcbernachtungsfest der Schulis<\/li>\n<li>07.08. 09:00 Uhr Rausschmiss der Schulis<\/li>\n<li>07.08. 11:00 Uhr \u00dcbergangsfeier der Krippenkinder in die Storchen- und B\u00e4rengruppe<\/li>\n<li>07.08. unsere Kita schlie\u00dft um 12:30 Uhr<\/li>\n<li><span style=\"color: #99cc00;\">10.08.-28.08. Kita geschlossen<\/span><\/li>\n<li><span style=\"color: #99cc00;\">31.08. Planungstag der P\u00e4dagogen<\/span><\/li>\n<\/ul>\n<p>\u00a0<\/p>\n<p><strong>September 2026<\/strong><\/p>\n<ul>\n<li>01.09. 1. Kita-Tag\u00a0<\/li>\n<\/ul>\n\n\n\n<p><\/p>\n\n\n\n\n\n\n\n<p><\/p>\n\n\n\n<p><\/p>\n\n\n\n<p><\/p>\n\n\n\n<p><\/p>\n","protected":false},"excerpt":{"rendered":"<p>Alle gr\u00fcn gekennzeichneten Tage sind Schlie\u00dftage der Kita Januar 2026 29.01. Takka-Tukka-Land \u00a0 Februar 2026 04.02. 10:00 Uhr Blasiussegen mit Bernd Wagenh\u00e4user 06.02. Kita geschlossen (Fortbildung) 13.02. Schlafanzugparty 16.02. Kita geschlossen 17.02. Faschingsparty 26.02. Projektarbeit immer Donnerstag 27.02. Abschiedsgottesdienst Bernd [&hellip;]<\/p>\n","protected":false},"author":1,"featured_media":0,"parent":0,"menu_order":0,"comment_status":"closed","ping_status":"open","template":"","meta":{"_coblocks_attr":"","_coblocks_dimensions":"","_coblocks_responsive_height":"","_coblocks_accordion_ie_support":"","footnotes":""},"class_list":["post-4","page","type-page","status-publish","hentry"],"_links":{"self":[{"href":"https:\/\/kita-obertheres.de\/index.php?rest_route=\/wp\/v2\/pages\/4"}],"collection":[{"href":"https:\/\/kita-obertheres.de\/index.php?rest_route=\/wp\/v2\/pages"}],"about":[{"href":"https:\/\/kita-obertheres.de\/index.php?rest_route=\/wp\/v2\/types\/page"}],"author":[{"embeddable":true,"href":"https:\/\/kita-obertheres.de\/index.php?rest_route=\/wp\/v2\/users\/1"}],"replies":[{"embeddable":true,"href":"https:\/\/kita-obertheres.de\/index.php?rest_route=%2Fwp%2Fv2%2Fcomments&post=4"}],"version-history":[{"count":44,"href":"https:\/\/kita-obertheres.de\/index.php?rest_route=\/wp\/v2\/pages\/4\/revisions"}],"predecessor-version":[{"id":980,"href":"https:\/\/kita-obertheres.de\/index.php?rest_route=\/wp\/v2\/pages\/4\/revisions\/980"}],"wp:attachment":[{"href":"https:\/\/kita-obertheres.de\/index.php?rest_route=%2Fwp%2Fv2%2Fmedia&parent=4"}],"curies":[{"name":"wp","href":"https:\/\/api.w.org\/{rel}","templated":true}]}}