{"id":343,"date":"2021-10-29T09:33:11","date_gmt":"2021-10-29T09:33:11","guid":{"rendered":"https:\/\/kita-obertheres.de\/?page_id=343"},"modified":"2025-11-11T08:16:36","modified_gmt":"2025-11-11T08:16:36","slug":"elternbeirat","status":"publish","type":"page","link":"https:\/\/kita-obertheres.de\/?page_id=343","title":{"rendered":"Elternbeirat"},"content":{"rendered":"\n<h3 class=\"wp-block-heading has-green-color has-text-color\" style=\"font-size:30px\">Die Rolle der Eltern &#8211; ohne Eltern geht es nicht<\/h3>\n\n\n\n<p>Unsere Kita ist eine familienerg\u00e4nzende Einrichtung, d. h. Eltern sind und bleiben die wichtigsten Bezugspersonen eines Kindes. Eine gute Zusammenarbeit zwischen unserer Einrichtung und den Eltern spielt f\u00fcr uns und die Kinder eine gro\u00dfe Rolle: Wir sind davon \u00fcberzeugt, dass Familie und Kita nicht gegeneinander, sondern miteinander arbeiten sollen, um eine reibungslose und stimmige Erziehung des Kindes zu gew\u00e4hrleisten.<\/p>\n\n\n\n<h3 class=\"wp-block-heading has-green-color has-text-color\" style=\"font-size:30px\">Der Elternbeirat<\/h3>\n\n\n\n<p>Unser Elternbeirat wird j\u00e4hrlich zu Beginn des Kindergartenjahres gew\u00e4hlt. Er setzt sich aus mindestens vier Personen zusammen. Das Gremium des Elternbeirates bestimmt aus seinen Reihen den ersten Vorsitzenden, und seinen Stellvertreter sowie den Schriftf\u00fchrer und Kassier. Der Elternbeirat ist Ansprechpartner f\u00fcr Eltern, Kindergartenteam und Tr\u00e4ger. Er hat das Recht, Forderungen und Anliegen der Eltern als deren Vertreter vorzutragen. Er wird vom Tr\u00e4ger und der Leitung kontinuierlich \u00fcber wichtige Prozesse in der Kita informiert und angeh\u00f6rt. Er organisiert in Zusammenarbeit mit der Leitung und der Vorstandschaft selbst\u00e4ndig verschiedene Feste, Veranstaltungen und Basare.<\/p>\n\n\n\n<h3 class=\"wp-block-heading has-green-color has-text-color\" style=\"font-size:30px\"><em>Das sind wir:<\/em><\/h3>\n\n\n\n<ul class=\"wp-block-list\">\n<li>Christian Then-Eck (1. Vorsitzender)<\/li>\n\n\n\n<li>Caroline Hermann (2. Vorsitzende)<\/li>\n\n\n\n<li>Sandrina Stark (Kassierin)<\/li>\n\n\n\n<li>Sylvia Viernekes (Schriftf\u00fchrerin)<\/li>\n<\/ul>\n\n\n\n<h2 class=\"wp-block-heading\" style=\"font-size:25px\">Beisitzer:<\/h2>\n\n\n\n<ul class=\"wp-block-list\">\n<li>Katharina Rether<\/li>\n\n\n\n<li>Tamara Scheck-Thies<\/li>\n\n\n\n<li>Pauline Langer<\/li>\n\n\n\n<li>Carina Ebert <\/li>\n<\/ul>\n\n\n\n<h2 class=\"wp-block-heading\" style=\"font-size:25px\">So erreicht ihr uns:<\/h2>\n\n\n\n<div class=\"wp-block-group\"><div class=\"wp-block-group__inner-container is-layout-flow wp-block-group-is-layout-flow\">\n<p class=\"has-text-align-center\"><a href=\"mailto:elternbeirat_obertheres@gmx.de\">elternbeiratobertheres@gmail.com<\/a><\/p>\n<\/div><\/div>\n\n\n\n<h2 class=\"wp-block-heading has-green-color has-text-color\" style=\"font-size:30px\">Das machen wir:<\/h2>\n\n\n\n<p>Als Elternbeirat stehen wir als Vermittler zwischen den Eltern und der Kindergartenleitung bzw. der Vorstandschaft. Bei Problemen, Fragen und Anliegen k\u00f6nnen sich die Eltern an uns wenden. Wir k\u00f6nnen dann entweder direkt weiterhelfen oder geben es weiter. Auf der anderen Seite werden wir von der Kindergartenleitung und der Vorstandschaft nach unserer Meinung zu verschiedenen Themen gefragt und in manche Entscheidungen einbezogen.<\/p>\n\n\n\n<p>Unsere gr\u00f6\u00dfte Aufgabe ist allerdings die Organisation von Veranstaltungen zugunsten des Kindergartens.<\/p>\n\n\n\n<ul class=\"wp-block-list\">\n<li>Kinderkleiderbasare:<\/li>\n<\/ul>\n\n\n\n<p>Normalerweise findet im Fr\u00fchjahr und im Herbst ein gro\u00dfer Kinderkleiderbasar in Obertheres statt. Dieser wird vom Elternbeirat mit Unterst\u00fctzung weiterer Eltern organisiert und durchgef\u00fchrt.<\/p>\n\n\n\n<ul class=\"wp-block-list\">\n<li>Sankt-Martins-Umzug:<\/li>\n<\/ul>\n\n\n\n<p>Die Bewirtung nach dem Sankt-Martins-Umzug organisiert der Elternbeirat und f\u00fchrt sie mit Unterst\u00fctzung weiterer Eltern durch.<\/p>\n\n\n\n<ul class=\"wp-block-list\">\n<li>Familienfest:<\/li>\n<\/ul>\n\n\n\n<p>Das gr\u00f6\u00dfte Fest des Kindergartenjahres, das Familienfest, wird von der Vorstandschaft und dem Elternbeirat gemeinsam organisiert.<\/p>\n\n\n\n<p>Der Erl\u00f6s dieser Veranstaltungen kommt unseren Kindern zugute. Von diesem Geld werden Ausfl\u00fcge oder Theater im Kindergarten finanziert, Weihnachtsgeschenke f\u00fcr die Gruppen bezahlt und weitere Anschaffungen, die sonst vielleicht nicht im Budget w\u00e4ren, erm\u00f6glicht.<\/p>\n\n\n\n<p>F\u00fcr diese Aufgaben brauchen wir immer die Unterst\u00fctzung von sehr vielen Eltern.<\/p>\n\n\n\n<p>Wir freuen uns auch stets \u00fcber neue Mitglieder im Elternbeirat. Wenn ihr Interesse habt, meldet euch einfach per E-Mail oder sprecht uns an.<\/p>\n","protected":false},"excerpt":{"rendered":"<p>Die Rolle der Eltern &#8211; ohne Eltern geht es nicht Unsere Kita ist eine familienerg\u00e4nzende Einrichtung, d. h. Eltern sind und bleiben die wichtigsten Bezugspersonen eines Kindes. Eine gute Zusammenarbeit zwischen unserer Einrichtung und den Eltern spielt f\u00fcr uns und [&hellip;]<\/p>\n","protected":false},"author":1,"featured_media":0,"parent":0,"menu_order":0,"comment_status":"closed","ping_status":"closed","template":"","meta":{"_coblocks_attr":"","_coblocks_dimensions":"","_coblocks_responsive_height":"","_coblocks_accordion_ie_support":"","footnotes":""},"class_list":["post-343","page","type-page","status-publish","hentry"],"_links":{"self":[{"href":"https:\/\/kita-obertheres.de\/index.php?rest_route=\/wp\/v2\/pages\/343"}],"collection":[{"href":"https:\/\/kita-obertheres.de\/index.php?rest_route=\/wp\/v2\/pages"}],"about":[{"href":"https:\/\/kita-obertheres.de\/index.php?rest_route=\/wp\/v2\/types\/page"}],"author":[{"embeddable":true,"href":"https:\/\/kita-obertheres.de\/index.php?rest_route=\/wp\/v2\/users\/1"}],"replies":[{"embeddable":true,"href":"https:\/\/kita-obertheres.de\/index.php?rest_route=%2Fwp%2Fv2%2Fcomments&post=343"}],"version-history":[{"count":15,"href":"https:\/\/kita-obertheres.de\/index.php?rest_route=\/wp\/v2\/pages\/343\/revisions"}],"predecessor-version":[{"id":962,"href":"https:\/\/kita-obertheres.de\/index.php?rest_route=\/wp\/v2\/pages\/343\/revisions\/962"}],"wp:attachment":[{"href":"https:\/\/kita-obertheres.de\/index.php?rest_route=%2Fwp%2Fv2%2Fmedia&parent=343"}],"curies":[{"name":"wp","href":"https:\/\/api.w.org\/{rel}","templated":true}]}}