{"id":338,"date":"2021-10-29T09:28:44","date_gmt":"2021-10-29T09:28:44","guid":{"rendered":"https:\/\/kita-obertheres.de\/?page_id=338"},"modified":"2022-05-20T08:21:57","modified_gmt":"2022-05-20T08:21:57","slug":"kindergarten","status":"publish","type":"page","link":"https:\/\/kita-obertheres.de\/?page_id=338","title":{"rendered":"Kindergarten"},"content":{"rendered":"\n<p>DURCH UNSERE BESUCHS- ODER SCHNUPPERTAGE<\/p>\n\n\n\n<p>&#8230; m\u00f6chten wir einen \u201esanften\u201c \u00dcbergang vom Elternhaus in unseren Kindergarten schaffen. Ebenso ist uns eine gute Beziehung zu unseren Eltern wichtig. Deshalb bieten wir neuen Kindern f\u00fcnf Schnuppertage an. In den ersten Tagen kann das Kind zusammen mit den Eltern die neue Umgebung erkunden. So lernen beide alles kennen und die Eltern gewinnen einen Einblick in die t\u00e4gliche Arbeit und unser p\u00e4dagogisches Grundverst\u00e4ndnis.&nbsp;<\/p>\n\n\n\n<p>Bei einem ersten Kennlern-Gespr\u00e4ch, wenn m\u00f6glich mit beiden Eltern, sprechen wir \u00fcber Neigungen und St\u00e4rken des Kindes. Es hilft uns, so viel wie m\u00f6glich zu erfahren, um Situationen oder Verhaltensweisen besser einsch\u00e4tzen zu k\u00f6nnen. Auch um das Kind in der Entwicklung von Beginn an gut zu begleiten, sind ihre Informationen sehr wertvoll. Zum anderen geben wir einen \u00dcberblick \u00fcber unsere Arbeit, sprechen \u00fcber den Tagesablauf und kl\u00e4ren Fragen, die sich bereits ergeben haben. \u00a0Dann werden die Termine f\u00fcr die Schnuppertage festgelegt. Diese k\u00f6nnen zusammenh\u00e4ngend oder auch einzeln genommen werden. W\u00e4hrend dieser Schnuppertage ist die Begleitung und Anwesenheit eines Elternteiles, gern auch Oma oder Opa notwendig. Das Kind gewinnt durch die Anwesenheit einer Vertrauensperson an Sicherheit in der neuen Umgebung und ist freier sich auf neue Bezugspersonen einzulassen.<\/p>\n\n\n\n<p><strong>Wir stehen unseren Eltern jederzeit in dieser Phase bei Fragen, W\u00fcnschen, \u00c4ngsten und Sorgen zur Seite.<\/strong><\/p>\n\n\n\n<p>Nach einigen Monaten in unserer Einrichtung bieten wir den Eltern ein Entwicklungsgespr\u00e4ch an. Dort reflektieren wir unsere ersten Beobachtungen und die Eltern k\u00f6nnen uns ebenfalls Ihre Eindr\u00fccke schildern.<\/p>\n","protected":false},"excerpt":{"rendered":"<p>DURCH UNSERE BESUCHS- ODER SCHNUPPERTAGE &#8230; m\u00f6chten wir einen \u201esanften\u201c \u00dcbergang vom Elternhaus in unseren Kindergarten schaffen. Ebenso ist uns eine gute Beziehung zu unseren Eltern wichtig. Deshalb bieten wir neuen Kindern f\u00fcnf Schnuppertage an. In den ersten Tagen kann [&hellip;]<\/p>\n","protected":false},"author":1,"featured_media":0,"parent":0,"menu_order":0,"comment_status":"closed","ping_status":"closed","template":"","meta":{"_coblocks_attr":"","_coblocks_dimensions":"","_coblocks_responsive_height":"","_coblocks_accordion_ie_support":"","footnotes":""},"class_list":["post-338","page","type-page","status-publish","hentry"],"_links":{"self":[{"href":"https:\/\/kita-obertheres.de\/index.php?rest_route=\/wp\/v2\/pages\/338"}],"collection":[{"href":"https:\/\/kita-obertheres.de\/index.php?rest_route=\/wp\/v2\/pages"}],"about":[{"href":"https:\/\/kita-obertheres.de\/index.php?rest_route=\/wp\/v2\/types\/page"}],"author":[{"embeddable":true,"href":"https:\/\/kita-obertheres.de\/index.php?rest_route=\/wp\/v2\/users\/1"}],"replies":[{"embeddable":true,"href":"https:\/\/kita-obertheres.de\/index.php?rest_route=%2Fwp%2Fv2%2Fcomments&post=338"}],"version-history":[{"count":7,"href":"https:\/\/kita-obertheres.de\/index.php?rest_route=\/wp\/v2\/pages\/338\/revisions"}],"predecessor-version":[{"id":517,"href":"https:\/\/kita-obertheres.de\/index.php?rest_route=\/wp\/v2\/pages\/338\/revisions\/517"}],"wp:attachment":[{"href":"https:\/\/kita-obertheres.de\/index.php?rest_route=%2Fwp%2Fv2%2Fmedia&parent=338"}],"curies":[{"name":"wp","href":"https:\/\/api.w.org\/{rel}","templated":true}]}}