{"id":336,"date":"2021-10-29T09:28:00","date_gmt":"2021-10-29T09:28:00","guid":{"rendered":"https:\/\/kita-obertheres.de\/?page_id=336"},"modified":"2022-05-20T08:03:19","modified_gmt":"2022-05-20T08:03:19","slug":"krippe","status":"publish","type":"page","link":"https:\/\/kita-obertheres.de\/?page_id=336","title":{"rendered":"Krippe"},"content":{"rendered":"\n<p><\/p>\n\n\n\n<p>Vor dem Besuch in unserer Krippe findet ein erstes Kennlerngespr\u00e4ch zwischen Eltern und der zuk\u00fcnftigen Gruppenleitung des Kindes statt. In diesem Austausch wollen wir mehr \u00fcber das Kind erfahren. Uns interessiert die bisherige Entwicklung, Vorlieben des Kindes sowie deren Schlaf- und Essgewohnheiten. Wir beantworten gern Ihre Fragen und sprechen \u00fcber den Tagesablauf. Eine Mit-bring-liste bekommen Sie ebenfalls an die Hand, um das Fach des Kindes z.B. mit Windeln, Feuchtt\u00fcchern und Wechselsachen zu f\u00fcllen. &nbsp;<\/p>\n\n\n\n<p>W\u00e4hrend der Eingew\u00f6hnung haben Die Eltern die M\u00f6glichkeit, unsere p\u00e4dagogische Arbeit kennen zu lernen und Vertrauen zum Personal aufzubauen. Die Eingew\u00f6hnung sollte ein Elternteil \u00fcbernehmen, gern auch Oma oder Opa \u00fcbernehmen. &nbsp;<\/p>\n\n\n\n<p>Die Zeit der Eingew\u00f6hnung in Begleitung einer Bezugsperson kann, je nach Verhalten des Kindes individuell unterschiedlich, zwischen vier bis f\u00fcnf Wochen, im Einzelfall auch mal l\u00e4nger dauern.<\/p>\n\n\n\n<p>Das Vertrauen der Eltern auf unsere Erfahrungen ist hierbei sehr wichtig. Denn wir k\u00f6nnen uns gut in das Kind hineinf\u00fchlen und sprechen dementsprechend alle weiteren Besuche miteinander ab, um eine gute Eingew\u00f6hnung zu gew\u00e4hrleisten.&nbsp;<\/p>\n\n\n\n<p><strong>Wir stehen unseren Eltern jederzeit in dieser Phase bei Fragen, W\u00fcnschen, \u00c4ngsten und Sorgen zur Seite.<\/strong><\/p>\n","protected":false},"excerpt":{"rendered":"<p>Vor dem Besuch in unserer Krippe findet ein erstes Kennlerngespr\u00e4ch zwischen Eltern und der zuk\u00fcnftigen Gruppenleitung des Kindes statt. In diesem Austausch wollen wir mehr \u00fcber das Kind erfahren. Uns interessiert die bisherige Entwicklung, Vorlieben des Kindes sowie deren Schlaf- [&hellip;]<\/p>\n","protected":false},"author":1,"featured_media":0,"parent":0,"menu_order":0,"comment_status":"closed","ping_status":"closed","template":"","meta":{"_coblocks_attr":"","_coblocks_dimensions":"","_coblocks_responsive_height":"","_coblocks_accordion_ie_support":"","footnotes":""},"class_list":["post-336","page","type-page","status-publish","hentry"],"_links":{"self":[{"href":"https:\/\/kita-obertheres.de\/index.php?rest_route=\/wp\/v2\/pages\/336"}],"collection":[{"href":"https:\/\/kita-obertheres.de\/index.php?rest_route=\/wp\/v2\/pages"}],"about":[{"href":"https:\/\/kita-obertheres.de\/index.php?rest_route=\/wp\/v2\/types\/page"}],"author":[{"embeddable":true,"href":"https:\/\/kita-obertheres.de\/index.php?rest_route=\/wp\/v2\/users\/1"}],"replies":[{"embeddable":true,"href":"https:\/\/kita-obertheres.de\/index.php?rest_route=%2Fwp%2Fv2%2Fcomments&post=336"}],"version-history":[{"count":2,"href":"https:\/\/kita-obertheres.de\/index.php?rest_route=\/wp\/v2\/pages\/336\/revisions"}],"predecessor-version":[{"id":508,"href":"https:\/\/kita-obertheres.de\/index.php?rest_route=\/wp\/v2\/pages\/336\/revisions\/508"}],"wp:attachment":[{"href":"https:\/\/kita-obertheres.de\/index.php?rest_route=%2Fwp%2Fv2%2Fmedia&parent=336"}],"curies":[{"name":"wp","href":"https:\/\/api.w.org\/{rel}","templated":true}]}}