{"id":327,"date":"2021-10-29T09:15:30","date_gmt":"2021-10-29T09:15:30","guid":{"rendered":"https:\/\/kita-obertheres.de\/?page_id=327"},"modified":"2022-05-23T09:40:34","modified_gmt":"2022-05-23T09:40:34","slug":"in-der-krippe","status":"publish","type":"page","link":"https:\/\/kita-obertheres.de\/?page_id=327","title":{"rendered":"in der Krippe"},"content":{"rendered":"\n<h3 class=\"wp-block-heading\">Unsere Krippe tr\u00e4gt den Namen \u201eBlumenwiese\u201c. <strong>&nbsp;<\/strong><\/h3>\n\n\n\n<p><strong>Eine Blume ganz zart und klein kann nur wachsen, gedeihen und strahlen, wenn sie Pflege bekommt, wenn sich jemand um sie k\u00fcmmert, wenn man sie achtet und respektiert<\/strong>. <\/p>\n\n\n\n<p>Diesen Gedanken einmal aufgegriffen, kann die Entwicklung eines Kindes mit \u00e4hnlichen Augen betrachtet werden. Denn um sich optimal zu entwickeln und seine Bed\u00fcrfnisse ausleben zu k\u00f6nnen ben\u00f6tigt das Kind Zuwendung, Pflege, Liebe und das Vertrauen in seine Bezugspersonen.<\/p>\n\n\n\n<p>In den ersten Jahren lernt das Kind \u00fcber das<\/p>\n\n\n\n<p><strong>Be-greifen <\/strong>seine Umwelt kennen. Es setzt sich aktiv mit den unterschiedlichsten Reizen, die auf seine Sinne einwirken auseinander. Es ist neugierig und versp\u00fcrt ein Bed\u00fcrfnis alles in die Hand oder den Mund zu nehmen, zu f\u00fchlen und zu schmecken.<\/p>\n\n\n\n<p>Auf dieser Entdeckungsreise braucht es den konkreten Umgang mit sich selbst, dem eigenen K\u00f6rper, mit anderen Menschen, der Natur und unterschiedlichen Materialien.<\/p>\n\n\n\n<p>Wir begleiten das Kind auf seiner Reise und schaffen vielf\u00e4ltige Lernm\u00f6glichkeiten. Je nach Entwicklungsstand im individuellen Tempo des Kindes.  <\/p>\n\n\n\n<p>So soll der Gruppenraum, durch seine freundliche, gem\u00fctliche und einladende Atmosph\u00e4re, neben dem Spielmaterial, das Kind zum Probieren und Experimentieren einladen, damit es aktiv seine Umwelt Be-greifen kann. <\/p>\n\n\n\n<p>Durch den strukturierten Tagesablauf mit Ritualen und festen Bezugspersonen, wird dem Kind Sicherheit und Orientierung gegeben.<\/p>\n","protected":false},"excerpt":{"rendered":"<p>Unsere Krippe tr\u00e4gt den Namen \u201eBlumenwiese\u201c. &nbsp; Eine Blume ganz zart und klein kann nur wachsen, gedeihen und strahlen, wenn sie Pflege bekommt, wenn sich jemand um sie k\u00fcmmert, wenn man sie achtet und respektiert. Diesen Gedanken einmal aufgegriffen, kann [&hellip;]<\/p>\n","protected":false},"author":1,"featured_media":0,"parent":0,"menu_order":0,"comment_status":"closed","ping_status":"closed","template":"","meta":{"_coblocks_attr":"","_coblocks_dimensions":"","_coblocks_responsive_height":"","_coblocks_accordion_ie_support":"","footnotes":""},"class_list":["post-327","page","type-page","status-publish","hentry"],"_links":{"self":[{"href":"https:\/\/kita-obertheres.de\/index.php?rest_route=\/wp\/v2\/pages\/327"}],"collection":[{"href":"https:\/\/kita-obertheres.de\/index.php?rest_route=\/wp\/v2\/pages"}],"about":[{"href":"https:\/\/kita-obertheres.de\/index.php?rest_route=\/wp\/v2\/types\/page"}],"author":[{"embeddable":true,"href":"https:\/\/kita-obertheres.de\/index.php?rest_route=\/wp\/v2\/users\/1"}],"replies":[{"embeddable":true,"href":"https:\/\/kita-obertheres.de\/index.php?rest_route=%2Fwp%2Fv2%2Fcomments&post=327"}],"version-history":[{"count":3,"href":"https:\/\/kita-obertheres.de\/index.php?rest_route=\/wp\/v2\/pages\/327\/revisions"}],"predecessor-version":[{"id":532,"href":"https:\/\/kita-obertheres.de\/index.php?rest_route=\/wp\/v2\/pages\/327\/revisions\/532"}],"wp:attachment":[{"href":"https:\/\/kita-obertheres.de\/index.php?rest_route=%2Fwp%2Fv2%2Fmedia&parent=327"}],"curies":[{"name":"wp","href":"https:\/\/api.w.org\/{rel}","templated":true}]}}