{"id":299,"date":"2021-10-29T07:53:38","date_gmt":"2021-10-29T07:53:38","guid":{"rendered":"https:\/\/kita-obertheres.de\/?page_id=299"},"modified":"2023-06-21T09:32:20","modified_gmt":"2023-06-21T09:32:20","slug":"nachmittagssnack","status":"publish","type":"page","link":"https:\/\/kita-obertheres.de\/?page_id=299","title":{"rendered":"Nachmittagssnack"},"content":{"rendered":"\n<p>Den Kindern wird von 14.30 \u2013 14.45 Uhr ein Nachmittagssnack angeboten. Regelm\u00e4\u00dfig bereiten Kinder diese mit Unterst\u00fctzung unserer K\u00fcchenkraft auch selber zu. Wir nehmen am europ\u00e4ischen Schulobstprogramm mit finanzieller Unterst\u00fctzung des Landes Bayern teil und werden dadurch w\u00f6chentlich mit frischem Obst und Gem\u00fcse in DEMETER-Qualit\u00e4t beliefert.<br>Zum Nachmittagsnack werden selbstgebackene Brote, vielseitige Aufstriche, Quarkspeisen, Pizza, Kuchen, Milchmixgetr\u00e4nke, frische Obst und Gem\u00fcsest\u00fcckchen angeboten.\u00a0<\/p>\n\n\n\n<p>Das Zubereiten kleiner Speisen, f\u00f6rdert die Ausbildung der Sinne. Der Umgang mit unverarbeiteten Lebensmitteln schult dazu die Wahrnehmung f\u00fcr Form, Farbe, Geruch und Geschmack. Ganz nebenher lernen die Kinder den Umgang mit K\u00fcchenwerkzeugen kennen. Diese f\u00f6rdern die  Motorik und Selbst\u00e4ndigkeit.<\/p>\n","protected":false},"excerpt":{"rendered":"<p>Den Kindern wird von 14.30 \u2013 14.45 Uhr ein Nachmittagssnack angeboten. Regelm\u00e4\u00dfig bereiten Kinder diese mit Unterst\u00fctzung unserer K\u00fcchenkraft auch selber zu. Wir nehmen am europ\u00e4ischen Schulobstprogramm mit finanzieller Unterst\u00fctzung des Landes Bayern teil und werden dadurch w\u00f6chentlich mit frischem [&hellip;]<\/p>\n","protected":false},"author":1,"featured_media":0,"parent":0,"menu_order":0,"comment_status":"closed","ping_status":"closed","template":"","meta":{"_coblocks_attr":"","_coblocks_dimensions":"","_coblocks_responsive_height":"","_coblocks_accordion_ie_support":"","footnotes":""},"class_list":["post-299","page","type-page","status-publish","hentry"],"_links":{"self":[{"href":"https:\/\/kita-obertheres.de\/index.php?rest_route=\/wp\/v2\/pages\/299"}],"collection":[{"href":"https:\/\/kita-obertheres.de\/index.php?rest_route=\/wp\/v2\/pages"}],"about":[{"href":"https:\/\/kita-obertheres.de\/index.php?rest_route=\/wp\/v2\/types\/page"}],"author":[{"embeddable":true,"href":"https:\/\/kita-obertheres.de\/index.php?rest_route=\/wp\/v2\/users\/1"}],"replies":[{"embeddable":true,"href":"https:\/\/kita-obertheres.de\/index.php?rest_route=%2Fwp%2Fv2%2Fcomments&post=299"}],"version-history":[{"count":6,"href":"https:\/\/kita-obertheres.de\/index.php?rest_route=\/wp\/v2\/pages\/299\/revisions"}],"predecessor-version":[{"id":735,"href":"https:\/\/kita-obertheres.de\/index.php?rest_route=\/wp\/v2\/pages\/299\/revisions\/735"}],"wp:attachment":[{"href":"https:\/\/kita-obertheres.de\/index.php?rest_route=%2Fwp%2Fv2%2Fmedia&parent=299"}],"curies":[{"name":"wp","href":"https:\/\/api.w.org\/{rel}","templated":true}]}}