{"id":291,"date":"2021-10-29T07:51:04","date_gmt":"2021-10-29T07:51:04","guid":{"rendered":"https:\/\/kita-obertheres.de\/?page_id=291"},"modified":"2022-05-11T09:47:52","modified_gmt":"2022-05-11T09:47:52","slug":"mittagessen","status":"publish","type":"page","link":"https:\/\/kita-obertheres.de\/?page_id=291","title":{"rendered":"Mittagessen"},"content":{"rendered":"\n<p>Unser Mittagessen im Kindergarten findet in der Zeit von 12.00-13.00 Uhr statt. Das Mittagessen wird in 2 Gruppen aufgeteilt. Die Kinder, die ihre Brotzeit von zu Hause mitbringen, unsere sogenannten \u201eKaltesser\u201c bleiben zum Mittagessen in der Gruppe. Die Kinder, die zum warmen Mittagessen angemeldet sind, unsere sogenannten \u201eWarmesser\u201c essen in der KIWI (Kinderwirtschaft) an frei w\u00e4hlbaren Tischgruppen. Der Tischnachbar kann jeden Tag neu ausgew\u00e4hlt werden. Hier werden neue, gruppen\u00fcbergreifende Freundschaften gef\u00f6rdert. Gemeinsame Mahlzeiten sind ein wichtiger Bestandteil des sozialen Lebens. Durch das gemeinsame Essen erfahren die Kinder ein Gemeinschaftsgef\u00fchl und erleben soziale und kulturelle Aspekte.<br>Ein leckeres, gesundes Essen, eine positiv erlebte Tischatmosph\u00e4re mit anregenden<br>Gespr\u00e4chen und ausreichend Zeit, um im individuellen Tempo zu essen, st\u00e4rkt die<br>Genussf\u00e4higkeit der Kinder und l\u00e4sst gemeinsame Mahlzeiten zu besonderen Ereignissen<br>werden.\u00a0<\/p>\n\n\n\n<hr>\n<p>Wir bieten den Kindern t\u00e4glich frisch zubereitete, ausgewogene und gesunde Mahlzeiten an. Unser t\u00e4gliches 3-Gang Men\u00fc besteht aus Suppe, Hauptgang und Dessert.<br>Wir werden t\u00e4glich frisch von der AWO Ebern beliefert. Die AWO ist stark angelehnt an den vom Bundesministerium f\u00fcr Ern\u00e4hrung, Landwirtschaft und Verbraucherschutz erarbeiteten \u201eQualit\u00e4tsstandards\u201c. Diese Standards ber\u00fccksichtigen alle wichtigen, wissenschaftlichen Erkenntnisse und Erfordernisse f\u00fcr eine gesunde und vern\u00fcnftige Ern\u00e4hrung.<\/p>\n\n\n\n<p><strong><sup>Hier finden Sie ein Beispiel unseres Speiseplanes<\/sup><\/strong><\/p>\n\n\n\n<div data-wp-interactive=\"core\/file\" class=\"wp-block-file\"><object data-wp-bind--hidden=\"!state.hasPdfPreview\"  class=\"wp-block-file__embed\" data=\"https:\/\/kita-obertheres.de\/wp-content\/uploads\/2021\/12\/Speiseplan-KW-2-Kiga-ohne-Suppe.pdf\" type=\"application\/pdf\" style=\"width:100%;height:600px\" aria-label=\"Einbettung von Einbettung von Speiseplan-KW-2-Kiga-ohne-Suppe..\"><\/object><a id=\"wp-block-file--media-d8e45ac9-8349-4832-bf26-004b4a7a937d\" href=\"https:\/\/kita-obertheres.de\/wp-content\/uploads\/2021\/12\/Speiseplan-KW-2-Kiga-ohne-Suppe.pdf\">Speiseplan-KW-2-Kiga-ohne-Suppe<\/a><a href=\"https:\/\/kita-obertheres.de\/wp-content\/uploads\/2021\/12\/Speiseplan-KW-2-Kiga-ohne-Suppe.pdf\" class=\"wp-block-file__button\" download aria-describedby=\"wp-block-file--media-d8e45ac9-8349-4832-bf26-004b4a7a937d\">Herunterladen<\/a><\/div>\n\n\n\n<hr \/>\n<p>Bei der Gestaltung der Mittagsmahlzeit nutzen wir bewusst die aktive Beteiligung der Kinder,<br \/>indem sie z.B. die Tische decken, der Gruppe das Men\u00fc vorstellen, den Tischspruch ausw\u00e4hlen, den Tisch nach dem Essen abr\u00e4umen und abwischen. Das Ess- und Trinkgeschirr ist aus Porzellan oder Glas und erm\u00f6glicht den Kindern Erfahrung mit zerbrechlichem Material zu machen. Das Besteck ist in Gr\u00f6\u00dfe und Form f\u00fcr Kinderh\u00e4nde geeignet. Das Essen wird in Sch\u00fcsseln auf den Kindertischen bereitgestellt, so dass sich die Kinder ihrem Entwicklungsstand entsprechend ihr Essen selbst auff\u00fcllen und ihr Getr\u00e4nk selbst eingie\u00dfen.<br \/>Jedes Kind kann entschieden, was und wie viel es isst. Erfahrungen und Studien zeigen auf, dass ein Kind bis zu 15mal probieren, riechen, anfassen und sehen muss, bevor es ein neues Lebensmittel mit Genuss isst. Immer wieder die Neugier der angebotenen Speisen zu wecken, ist Aufgabe unserer P\u00e4dagogischen Fachkr\u00e4fte. Dies erreichen wir, in dem wir kindgerecht mit ihnen z.B. \u00fcber die Herkunft, die Zusammensetzung, den unterschiedlichen Geschmack, den Geruch, das Aussehen und den Ern\u00e4hrungswert sprechen. Die Erzieherinnen ermuntern die Kinder durch aufmerksame Zuwendung auch unbekannte Speisen zu probieren, akzeptieren aber auch deren Entscheidungsfreiheit.<br \/>Tischmanieren, der richtige Umgang mit Besteck und ein gutes Sozialverhalten sind weitere<br \/>Aspekte, die zu einer guten Atmosph\u00e4re bei den gemeinsamen Mahlzeiten in unserer Kita<br \/>geh\u00f6ren.<br \/>Uns ist es wichtig, dass Essen und Trinken mit angenehmen Erfahrungen und nicht mit<br \/>Zwang, Bestrafung oder Belohnung verkn\u00fcpft wird. Allen ist klar, dass Geschmack und S\u00e4ttigungsgef\u00fchl der Kinder unterschiedlich und individuell ausgepr\u00e4gt sind! <br \/><br \/><\/p>\n","protected":false},"excerpt":{"rendered":"<p>Unser Mittagessen im Kindergarten findet in der Zeit von 12.00-13.00 Uhr statt. Das Mittagessen wird in 2 Gruppen aufgeteilt. Die Kinder, die ihre Brotzeit von zu Hause mitbringen, unsere sogenannten \u201eKaltesser\u201c bleiben zum Mittagessen in der Gruppe. Die Kinder, die [&hellip;]<\/p>\n","protected":false},"author":1,"featured_media":0,"parent":0,"menu_order":0,"comment_status":"closed","ping_status":"closed","template":"","meta":{"_coblocks_attr":"","_coblocks_dimensions":"","_coblocks_responsive_height":"","_coblocks_accordion_ie_support":"","footnotes":""},"class_list":["post-291","page","type-page","status-publish","hentry"],"_links":{"self":[{"href":"https:\/\/kita-obertheres.de\/index.php?rest_route=\/wp\/v2\/pages\/291"}],"collection":[{"href":"https:\/\/kita-obertheres.de\/index.php?rest_route=\/wp\/v2\/pages"}],"about":[{"href":"https:\/\/kita-obertheres.de\/index.php?rest_route=\/wp\/v2\/types\/page"}],"author":[{"embeddable":true,"href":"https:\/\/kita-obertheres.de\/index.php?rest_route=\/wp\/v2\/users\/1"}],"replies":[{"embeddable":true,"href":"https:\/\/kita-obertheres.de\/index.php?rest_route=%2Fwp%2Fv2%2Fcomments&post=291"}],"version-history":[{"count":10,"href":"https:\/\/kita-obertheres.de\/index.php?rest_route=\/wp\/v2\/pages\/291\/revisions"}],"predecessor-version":[{"id":474,"href":"https:\/\/kita-obertheres.de\/index.php?rest_route=\/wp\/v2\/pages\/291\/revisions\/474"}],"wp:attachment":[{"href":"https:\/\/kita-obertheres.de\/index.php?rest_route=%2Fwp%2Fv2%2Fmedia&parent=291"}],"curies":[{"name":"wp","href":"https:\/\/api.w.org\/{rel}","templated":true}]}}