{"id":280,"date":"2021-10-29T07:35:10","date_gmt":"2021-10-29T07:35:10","guid":{"rendered":"https:\/\/kita-obertheres.de\/?page_id=280"},"modified":"2021-10-29T07:35:10","modified_gmt":"2021-10-29T07:35:10","slug":"gesunde-ernaehrung","status":"publish","type":"page","link":"https:\/\/kita-obertheres.de\/?page_id=280","title":{"rendered":"Gesunde Ern\u00e4hrung"},"content":{"rendered":"\n<h2 class=\"wp-block-heading\">Gesunde Ern\u00e4hrung &#8211; Die Kita als Lernort f\u00fcr gesundes und genussvolles Essen und Trinken<\/h2>\n\n\n\n<p><\/p>\n\n\n\n<div class=\"wp-block-columns alignwide are-vertically-aligned-center is-layout-flex wp-container-core-columns-is-layout-1 wp-block-columns-is-layout-flex\">\n<div class=\"wp-block-column is-vertically-aligned-center is-layout-flow wp-block-column-is-layout-flow\" style=\"flex-basis:100%\">\n<p>Die Ern\u00e4hrung hat einen entscheidenden Einfluss auf die k\u00f6rperliche und geistige Entwicklung von Kindern. Gerade die ersten Lebensjahre sind pr\u00e4gend f\u00fcr das Ern\u00e4hrungsverhalten von Kindern. Daher muss fr\u00fchzeitig damit begonnen werden, Kinder an ein gesundes Trink- und Essverhalten heranzuf\u00fchren. Es ist nachgewiesen, dass Kinder grunds\u00e4tzlich eine positive Einstellung zum Essen haben. Sie sind aufgeschlossen in Bezug auf Lebensmittel, probieren gerne und haben ein nat\u00fcrliches S\u00e4ttigungsgef\u00fchl.<br>Gerade kleine Kinder wissen, wann sie satt sind oder Hunger haben, weshalb wir auf das eigene S\u00e4ttigungsgef\u00fchl und die Selbstregulation der Kinder vertrauen. Wir ermutigen Kinder, sich an den Entscheidungen und durch praktisches Handeln an der Essensversorgung in der Kita zu beteiligen.<br>Essen und Trinken bieten den Kindern vielf\u00e4ltige Zug\u00e4nge f\u00fcr Bildungsprozesse, denn Ern\u00e4hrungswissen ist Wissen um Natur, Nahrungsmittel, ihre Herkunft, ihr Wachsen und die Bedeutung f\u00fcr den Menschen. Das vermitteln eines gesunden Essverhalten geh\u00f6rt zur p\u00e4dagogischen Arbeit in der Kita Obertheres. Es ist elementarer Bestandteil des Tagesablaufes.<br>Durch den allt\u00e4glichen Umgang mit Lebensmitteln und die Zubereitung von Mahlzeiten machen die Kinder vielf\u00e4ltige Sinneserfahrungen und erwerben viele Kompetenzen. Durch eine frische und ausgewogene Ern\u00e4hrung k\u00f6nnen sich Kinder gesund und stark entwickeln.<br>Aus diesem Grund nimmt die t\u00e4gliche Ern\u00e4hrung der Kinder einen besonderen Stellenwert in unseren Einrichtungen ein.<\/p>\n<\/div>\n<\/div>\n","protected":false},"excerpt":{"rendered":"<p>Gesunde Ern\u00e4hrung &#8211; Die Kita als Lernort f\u00fcr gesundes und genussvolles Essen und Trinken Die Ern\u00e4hrung hat einen entscheidenden Einfluss auf die k\u00f6rperliche und geistige Entwicklung von Kindern. Gerade die ersten Lebensjahre sind pr\u00e4gend f\u00fcr das Ern\u00e4hrungsverhalten von Kindern. Daher [&hellip;]<\/p>\n","protected":false},"author":1,"featured_media":0,"parent":0,"menu_order":0,"comment_status":"closed","ping_status":"closed","template":"","meta":{"_coblocks_attr":"","_coblocks_dimensions":"","_coblocks_responsive_height":"","_coblocks_accordion_ie_support":"","footnotes":""},"class_list":["post-280","page","type-page","status-publish","hentry"],"_links":{"self":[{"href":"https:\/\/kita-obertheres.de\/index.php?rest_route=\/wp\/v2\/pages\/280"}],"collection":[{"href":"https:\/\/kita-obertheres.de\/index.php?rest_route=\/wp\/v2\/pages"}],"about":[{"href":"https:\/\/kita-obertheres.de\/index.php?rest_route=\/wp\/v2\/types\/page"}],"author":[{"embeddable":true,"href":"https:\/\/kita-obertheres.de\/index.php?rest_route=\/wp\/v2\/users\/1"}],"replies":[{"embeddable":true,"href":"https:\/\/kita-obertheres.de\/index.php?rest_route=%2Fwp%2Fv2%2Fcomments&post=280"}],"version-history":[{"count":5,"href":"https:\/\/kita-obertheres.de\/index.php?rest_route=\/wp\/v2\/pages\/280\/revisions"}],"predecessor-version":[{"id":285,"href":"https:\/\/kita-obertheres.de\/index.php?rest_route=\/wp\/v2\/pages\/280\/revisions\/285"}],"wp:attachment":[{"href":"https:\/\/kita-obertheres.de\/index.php?rest_route=%2Fwp%2Fv2%2Fmedia&parent=280"}],"curies":[{"name":"wp","href":"https:\/\/api.w.org\/{rel}","templated":true}]}}