{"id":272,"date":"2021-10-29T07:11:16","date_gmt":"2021-10-29T07:11:16","guid":{"rendered":"https:\/\/kita-obertheres.de\/?page_id=272"},"modified":"2021-10-29T07:11:16","modified_gmt":"2021-10-29T07:11:16","slug":"jolinchen","status":"publish","type":"page","link":"https:\/\/kita-obertheres.de\/?page_id=272","title":{"rendered":"Jolinchen"},"content":{"rendered":"\n<h2 class=\"wp-block-heading\">JolinchenKids &#8211; fit und gesund in der KiTa<\/h2>\n\n\n\n<p>JolinchenKids ist ein Kita-Programm, das die Gesundheit von Kindern bis sechs Jahren f\u00f6rdert. Da in der Kindheit erworbene Verhaltensweisen mit ins Erwachsenenalter \u00fcbernommen werden, ist ein gesundheitsf\u00f6rdernder Ansatz gerade in der Kita sinnvoll. Das Programm JolinchenKids besteht aus f\u00fcnf Modulen, die wir ganzj\u00e4hrig mit unseren Kindern bearbeiten:<\/p>\n\n\n\n<div class=\"wp-block-media-text alignwide has-media-on-the-right is-stacked-on-mobile\"><figure class=\"wp-block-media-text__media\"><img loading=\"lazy\" decoding=\"async\" width=\"506\" height=\"253\" src=\"https:\/\/kita-obertheres.de\/wp-content\/uploads\/2021\/10\/jolinchen.jpg\" alt=\"\" class=\"wp-image-273 size-full\" srcset=\"https:\/\/kita-obertheres.de\/wp-content\/uploads\/2021\/10\/jolinchen.jpg 506w, https:\/\/kita-obertheres.de\/wp-content\/uploads\/2021\/10\/jolinchen-300x150.jpg 300w\" sizes=\"(max-width: 506px) 100vw, 506px\" \/><\/figure><div class=\"wp-block-media-text__content\">\n<ul class=\"wp-block-list\"><li>Bewegung<\/li><li>Ern\u00e4hrung<\/li><li>seelisches Wohlbefinden<\/li><li>Elternpartizipation<\/li><li>Erzierinnengesundheit<\/li><\/ul>\n<\/div><\/div>\n\n\n\n<p><\/p>\n\n\n\n<h3 class=\"wp-block-heading\"><span style=\"text-decoration: underline\" class=\"underline\">Gesundheit als Entdeckungsreise<\/span><\/h3>\n\n\n\n<p>JolinchenKids gewinnt Kinder mit spannenden Geschichten rund um das Thema Gesundheit. Wenn sie mit Drachenkind Jolinchen auf Entdeckungsreise gehen, wird ihre Neugier geweckt. Jolinchen ist Vorbild: fr\u00f6hlich, sympathisch, aktiv und sportlich. Zudem isst Jolinchen gern Gesundes, probiert viel aus und ist neugierig. Das Drachenkind hat schon viele aufregende Orte besucht und nimmt die Kinder mit ins \u201eGesund-und-lecker-Land\u201c, in den \u201eFitmach-Dschungel\u201c und die \u201eInsel F\u00fchl-mich-gut\u201c.<\/p>\n\n\n\n<p><\/p>\n","protected":false},"excerpt":{"rendered":"<p>JolinchenKids &#8211; fit und gesund in der KiTa JolinchenKids ist ein Kita-Programm, das die Gesundheit von Kindern bis sechs Jahren f\u00f6rdert. Da in der Kindheit erworbene Verhaltensweisen mit ins Erwachsenenalter \u00fcbernommen werden, ist ein gesundheitsf\u00f6rdernder Ansatz gerade in der Kita [&hellip;]<\/p>\n","protected":false},"author":1,"featured_media":0,"parent":0,"menu_order":0,"comment_status":"closed","ping_status":"closed","template":"","meta":{"_coblocks_attr":"","_coblocks_dimensions":"","_coblocks_responsive_height":"","_coblocks_accordion_ie_support":"","footnotes":""},"class_list":["post-272","page","type-page","status-publish","hentry"],"_links":{"self":[{"href":"https:\/\/kita-obertheres.de\/index.php?rest_route=\/wp\/v2\/pages\/272"}],"collection":[{"href":"https:\/\/kita-obertheres.de\/index.php?rest_route=\/wp\/v2\/pages"}],"about":[{"href":"https:\/\/kita-obertheres.de\/index.php?rest_route=\/wp\/v2\/types\/page"}],"author":[{"embeddable":true,"href":"https:\/\/kita-obertheres.de\/index.php?rest_route=\/wp\/v2\/users\/1"}],"replies":[{"embeddable":true,"href":"https:\/\/kita-obertheres.de\/index.php?rest_route=%2Fwp%2Fv2%2Fcomments&post=272"}],"version-history":[{"count":5,"href":"https:\/\/kita-obertheres.de\/index.php?rest_route=\/wp\/v2\/pages\/272\/revisions"}],"predecessor-version":[{"id":278,"href":"https:\/\/kita-obertheres.de\/index.php?rest_route=\/wp\/v2\/pages\/272\/revisions\/278"}],"wp:attachment":[{"href":"https:\/\/kita-obertheres.de\/index.php?rest_route=%2Fwp%2Fv2%2Fmedia&parent=272"}],"curies":[{"name":"wp","href":"https:\/\/api.w.org\/{rel}","templated":true}]}}