{"id":158,"date":"2021-05-13T08:10:41","date_gmt":"2021-05-13T08:10:41","guid":{"rendered":"https:\/\/kita-obertheres.de\/?page_id=158"},"modified":"2026-03-02T19:00:47","modified_gmt":"2026-03-02T19:00:47","slug":"organisatorisches","status":"publish","type":"page","link":"https:\/\/kita-obertheres.de\/?page_id=158","title":{"rendered":"Aufnahme und Anmeldung"},"content":{"rendered":"\n<h3 class=\"wp-block-heading has-green-color has-text-color\">Aufnahmebedingungen und Anmeldung<\/h3>\n\n\n\n<p>Die Aufnahme in unsere Kita erfolgt nach Ma\u00dfgabe der verf\u00fcgbaren Pl\u00e4tze.<\/p>\n\n\n\n<p>Ein Kriterium zur Aufnahme des Kindes ist das Anmeldedatum auf dem Anmeldebogen. Um einen Platz zum gew\u00fcnschten Zeitpunkt zu bekommen, ben\u00f6tigen wir baldm\u00f6glichst den ausgef\u00fcllten Anmeldebogen entweder per Mail oder auf dem Postweg. <\/p>\n\n\n\n<p>Ebenso werden Geschwisterkinder und Kinder der Gemeinde Theres bevorzugt aufgenommen. <br>Anmeldungen werden jederzeit von der Kita-Leitung gern entgegengenommen. Hierzu kann man sich telefonisch unter der Nummer 09521\/1876 oder per Mail an leitung@kita-obertheres,de melden um alles Weitere zu besprechen.<\/p>\n\n\n\n<p>Unsere Kita ist von Montag bis Freitag im Kindergarten von 7:00 Uhr- 16:00 Uhr und in der Krippe von 7:00 Uhr-15:00 Uhr ge\u00f6ffnet. <\/p>\n\n\n\n<p><\/p>\n","protected":false},"excerpt":{"rendered":"<p>Aufnahmebedingungen und Anmeldung Die Aufnahme in unsere Kita erfolgt nach Ma\u00dfgabe der verf\u00fcgbaren Pl\u00e4tze. Ein Kriterium zur Aufnahme des Kindes ist das Anmeldedatum auf dem Anmeldebogen. Um einen Platz zum gew\u00fcnschten Zeitpunkt zu bekommen, ben\u00f6tigen wir baldm\u00f6glichst den ausgef\u00fcllten Anmeldebogen [&hellip;]<\/p>\n","protected":false},"author":1,"featured_media":0,"parent":0,"menu_order":0,"comment_status":"closed","ping_status":"closed","template":"","meta":{"_coblocks_attr":"","_coblocks_dimensions":"","_coblocks_responsive_height":"","_coblocks_accordion_ie_support":"","footnotes":""},"class_list":["post-158","page","type-page","status-publish","hentry"],"_links":{"self":[{"href":"https:\/\/kita-obertheres.de\/index.php?rest_route=\/wp\/v2\/pages\/158"}],"collection":[{"href":"https:\/\/kita-obertheres.de\/index.php?rest_route=\/wp\/v2\/pages"}],"about":[{"href":"https:\/\/kita-obertheres.de\/index.php?rest_route=\/wp\/v2\/types\/page"}],"author":[{"embeddable":true,"href":"https:\/\/kita-obertheres.de\/index.php?rest_route=\/wp\/v2\/users\/1"}],"replies":[{"embeddable":true,"href":"https:\/\/kita-obertheres.de\/index.php?rest_route=%2Fwp%2Fv2%2Fcomments&post=158"}],"version-history":[{"count":7,"href":"https:\/\/kita-obertheres.de\/index.php?rest_route=\/wp\/v2\/pages\/158\/revisions"}],"predecessor-version":[{"id":972,"href":"https:\/\/kita-obertheres.de\/index.php?rest_route=\/wp\/v2\/pages\/158\/revisions\/972"}],"wp:attachment":[{"href":"https:\/\/kita-obertheres.de\/index.php?rest_route=%2Fwp%2Fv2%2Fmedia&parent=158"}],"curies":[{"name":"wp","href":"https:\/\/api.w.org\/{rel}","templated":true}]}}