{"id":128,"date":"2021-05-12T17:40:41","date_gmt":"2021-05-12T17:40:41","guid":{"rendered":"https:\/\/kita-obertheres.de\/?page_id=128"},"modified":"2022-02-11T10:45:00","modified_gmt":"2022-02-11T10:45:00","slug":"unser-herzstueck-der-garten","status":"publish","type":"page","link":"https:\/\/kita-obertheres.de\/?page_id=128","title":{"rendered":"Unser Herzst\u00fcck &#8211; der Garten"},"content":{"rendered":"\n<h2 class=\"wp-block-heading\">Der Kindergarten der St\u00f6rche und B\u00e4ren<\/h2>\n\n\n\n<figure class=\"wp-block-gallery columns-2 is-cropped wp-block-gallery-2 is-layout-flex wp-block-gallery-is-layout-flex\"><ul class=\"blocks-gallery-grid\"><li class=\"blocks-gallery-item\"><figure><img loading=\"lazy\" decoding=\"async\" width=\"1024\" height=\"768\" src=\"https:\/\/kita-obertheres.de\/wp-content\/uploads\/2021\/05\/image3-1024x768.jpeg\" alt=\"\" data-id=\"132\" data-link=\"https:\/\/kita-obertheres.de\/?attachment_id=132\" class=\"wp-image-132\" srcset=\"https:\/\/kita-obertheres.de\/wp-content\/uploads\/2021\/05\/image3-1024x768.jpeg 1024w, https:\/\/kita-obertheres.de\/wp-content\/uploads\/2021\/05\/image3-300x225.jpeg 300w, https:\/\/kita-obertheres.de\/wp-content\/uploads\/2021\/05\/image3-768x576.jpeg 768w, https:\/\/kita-obertheres.de\/wp-content\/uploads\/2021\/05\/image3-1536x1152.jpeg 1536w, https:\/\/kita-obertheres.de\/wp-content\/uploads\/2021\/05\/image3-2048x1536.jpeg 2048w, https:\/\/kita-obertheres.de\/wp-content\/uploads\/2021\/05\/image3-360x270.jpeg 360w\" sizes=\"(max-width: 1024px) 100vw, 1024px\" \/><\/figure><\/li><li class=\"blocks-gallery-item\"><figure><img loading=\"lazy\" decoding=\"async\" width=\"1024\" height=\"903\" src=\"https:\/\/kita-obertheres.de\/wp-content\/uploads\/2022\/02\/IMG_1880-1024x903.jpg\" alt=\"\" data-id=\"411\" data-full-url=\"https:\/\/kita-obertheres.de\/wp-content\/uploads\/2022\/02\/IMG_1880.jpg\" data-link=\"https:\/\/kita-obertheres.de\/?attachment_id=411\" class=\"wp-image-411\" srcset=\"https:\/\/kita-obertheres.de\/wp-content\/uploads\/2022\/02\/IMG_1880-1024x903.jpg 1024w, https:\/\/kita-obertheres.de\/wp-content\/uploads\/2022\/02\/IMG_1880-300x264.jpg 300w, https:\/\/kita-obertheres.de\/wp-content\/uploads\/2022\/02\/IMG_1880-768x677.jpg 768w, https:\/\/kita-obertheres.de\/wp-content\/uploads\/2022\/02\/IMG_1880-1536x1354.jpg 1536w, https:\/\/kita-obertheres.de\/wp-content\/uploads\/2022\/02\/IMG_1880-2048x1805.jpg 2048w\" sizes=\"(max-width: 1024px) 100vw, 1024px\" \/><\/figure><\/li><li class=\"blocks-gallery-item\"><figure><img loading=\"lazy\" decoding=\"async\" width=\"1024\" height=\"768\" src=\"https:\/\/kita-obertheres.de\/wp-content\/uploads\/2022\/02\/IMG_9544-1024x768.jpg\" alt=\"\" data-id=\"416\" data-full-url=\"https:\/\/kita-obertheres.de\/wp-content\/uploads\/2022\/02\/IMG_9544-scaled.jpg\" data-link=\"https:\/\/kita-obertheres.de\/?attachment_id=416\" class=\"wp-image-416\" srcset=\"https:\/\/kita-obertheres.de\/wp-content\/uploads\/2022\/02\/IMG_9544-1024x768.jpg 1024w, https:\/\/kita-obertheres.de\/wp-content\/uploads\/2022\/02\/IMG_9544-300x225.jpg 300w, https:\/\/kita-obertheres.de\/wp-content\/uploads\/2022\/02\/IMG_9544-768x576.jpg 768w, https:\/\/kita-obertheres.de\/wp-content\/uploads\/2022\/02\/IMG_9544-1536x1152.jpg 1536w, https:\/\/kita-obertheres.de\/wp-content\/uploads\/2022\/02\/IMG_9544-2048x1536.jpg 2048w, https:\/\/kita-obertheres.de\/wp-content\/uploads\/2022\/02\/IMG_9544-360x270.jpg 360w\" sizes=\"(max-width: 1024px) 100vw, 1024px\" \/><\/figure><\/li><li class=\"blocks-gallery-item\"><figure><img loading=\"lazy\" decoding=\"async\" width=\"1024\" height=\"500\" src=\"https:\/\/kita-obertheres.de\/wp-content\/uploads\/2022\/02\/IMG_1881-1024x500.jpg\" alt=\"\" data-id=\"409\" data-full-url=\"https:\/\/kita-obertheres.de\/wp-content\/uploads\/2022\/02\/IMG_1881.jpg\" data-link=\"https:\/\/kita-obertheres.de\/?attachment_id=409\" class=\"wp-image-409\" srcset=\"https:\/\/kita-obertheres.de\/wp-content\/uploads\/2022\/02\/IMG_1881-1024x500.jpg 1024w, https:\/\/kita-obertheres.de\/wp-content\/uploads\/2022\/02\/IMG_1881-300x147.jpg 300w, https:\/\/kita-obertheres.de\/wp-content\/uploads\/2022\/02\/IMG_1881-768x375.jpg 768w, https:\/\/kita-obertheres.de\/wp-content\/uploads\/2022\/02\/IMG_1881-1536x750.jpg 1536w, https:\/\/kita-obertheres.de\/wp-content\/uploads\/2022\/02\/IMG_1881-2048x1000.jpg 2048w\" sizes=\"(max-width: 1024px) 100vw, 1024px\" \/><\/figure><\/li><li class=\"blocks-gallery-item\"><figure><img loading=\"lazy\" decoding=\"async\" width=\"948\" height=\"1024\" src=\"https:\/\/kita-obertheres.de\/wp-content\/uploads\/2022\/02\/IMG_1878-948x1024.jpg\" alt=\"\" data-id=\"413\" data-full-url=\"https:\/\/kita-obertheres.de\/wp-content\/uploads\/2022\/02\/IMG_1878-scaled.jpg\" data-link=\"https:\/\/kita-obertheres.de\/?attachment_id=413\" class=\"wp-image-413\" srcset=\"https:\/\/kita-obertheres.de\/wp-content\/uploads\/2022\/02\/IMG_1878-948x1024.jpg 948w, https:\/\/kita-obertheres.de\/wp-content\/uploads\/2022\/02\/IMG_1878-278x300.jpg 278w, https:\/\/kita-obertheres.de\/wp-content\/uploads\/2022\/02\/IMG_1878-768x830.jpg 768w, https:\/\/kita-obertheres.de\/wp-content\/uploads\/2022\/02\/IMG_1878-1422x1536.jpg 1422w, https:\/\/kita-obertheres.de\/wp-content\/uploads\/2022\/02\/IMG_1878-1896x2048.jpg 1896w\" sizes=\"(max-width: 948px) 100vw, 948px\" \/><\/figure><\/li><li class=\"blocks-gallery-item\"><figure><img loading=\"lazy\" decoding=\"async\" width=\"1024\" height=\"768\" src=\"https:\/\/kita-obertheres.de\/wp-content\/uploads\/2022\/02\/IMG_1876-1024x768.jpg\" alt=\"\" data-id=\"408\" data-full-url=\"https:\/\/kita-obertheres.de\/wp-content\/uploads\/2022\/02\/IMG_1876-scaled.jpg\" data-link=\"https:\/\/kita-obertheres.de\/?attachment_id=408\" class=\"wp-image-408\" srcset=\"https:\/\/kita-obertheres.de\/wp-content\/uploads\/2022\/02\/IMG_1876-1024x768.jpg 1024w, https:\/\/kita-obertheres.de\/wp-content\/uploads\/2022\/02\/IMG_1876-300x225.jpg 300w, https:\/\/kita-obertheres.de\/wp-content\/uploads\/2022\/02\/IMG_1876-768x576.jpg 768w, https:\/\/kita-obertheres.de\/wp-content\/uploads\/2022\/02\/IMG_1876-1536x1152.jpg 1536w, https:\/\/kita-obertheres.de\/wp-content\/uploads\/2022\/02\/IMG_1876-2048x1536.jpg 2048w, https:\/\/kita-obertheres.de\/wp-content\/uploads\/2022\/02\/IMG_1876-360x270.jpg 360w\" sizes=\"(max-width: 1024px) 100vw, 1024px\" \/><\/figure><\/li><\/ul><\/figure>\n\n\n\n<h2 class=\"wp-block-heading\">Unser Krippengarten der K\u00e4ferchen und Pusteblumen<\/h2>\n\n\n\n<figure class=\"wp-block-gallery columns-1 is-cropped wp-block-gallery-3 is-layout-flex wp-block-gallery-is-layout-flex\"><ul class=\"blocks-gallery-grid\"><li class=\"blocks-gallery-item\"><figure><img loading=\"lazy\" decoding=\"async\" width=\"1024\" height=\"643\" src=\"https:\/\/kita-obertheres.de\/wp-content\/uploads\/2022\/02\/IMG_1884-1024x643.jpg\" alt=\"\" data-id=\"405\" data-full-url=\"https:\/\/kita-obertheres.de\/wp-content\/uploads\/2022\/02\/IMG_1884-scaled.jpg\" data-link=\"https:\/\/kita-obertheres.de\/?attachment_id=405\" class=\"wp-image-405\" srcset=\"https:\/\/kita-obertheres.de\/wp-content\/uploads\/2022\/02\/IMG_1884-1024x643.jpg 1024w, https:\/\/kita-obertheres.de\/wp-content\/uploads\/2022\/02\/IMG_1884-300x188.jpg 300w, https:\/\/kita-obertheres.de\/wp-content\/uploads\/2022\/02\/IMG_1884-768x482.jpg 768w, https:\/\/kita-obertheres.de\/wp-content\/uploads\/2022\/02\/IMG_1884-1536x965.jpg 1536w, https:\/\/kita-obertheres.de\/wp-content\/uploads\/2022\/02\/IMG_1884-2048x1286.jpg 2048w\" sizes=\"(max-width: 1024px) 100vw, 1024px\" \/><\/figure><\/li><li class=\"blocks-gallery-item\"><figure><img loading=\"lazy\" decoding=\"async\" width=\"1024\" height=\"631\" src=\"https:\/\/kita-obertheres.de\/wp-content\/uploads\/2022\/02\/IMG_1883-1024x631.jpg\" alt=\"\" data-id=\"407\" data-full-url=\"https:\/\/kita-obertheres.de\/wp-content\/uploads\/2022\/02\/IMG_1883-scaled.jpg\" data-link=\"https:\/\/kita-obertheres.de\/?attachment_id=407\" class=\"wp-image-407\" srcset=\"https:\/\/kita-obertheres.de\/wp-content\/uploads\/2022\/02\/IMG_1883-1024x631.jpg 1024w, https:\/\/kita-obertheres.de\/wp-content\/uploads\/2022\/02\/IMG_1883-300x185.jpg 300w, https:\/\/kita-obertheres.de\/wp-content\/uploads\/2022\/02\/IMG_1883-768x473.jpg 768w, https:\/\/kita-obertheres.de\/wp-content\/uploads\/2022\/02\/IMG_1883-1536x947.jpg 1536w, https:\/\/kita-obertheres.de\/wp-content\/uploads\/2022\/02\/IMG_1883-2048x1262.jpg 2048w\" sizes=\"(max-width: 1024px) 100vw, 1024px\" \/><\/figure><\/li><\/ul><\/figure>\n","protected":false},"excerpt":{"rendered":"<p>Der Kindergarten der St\u00f6rche und B\u00e4ren Unser Krippengarten der K\u00e4ferchen und Pusteblumen<\/p>\n","protected":false},"author":1,"featured_media":0,"parent":0,"menu_order":0,"comment_status":"closed","ping_status":"closed","template":"","meta":{"_coblocks_attr":"","_coblocks_dimensions":"","_coblocks_responsive_height":"","_coblocks_accordion_ie_support":"","footnotes":""},"class_list":["post-128","page","type-page","status-publish","hentry"],"_links":{"self":[{"href":"https:\/\/kita-obertheres.de\/index.php?rest_route=\/wp\/v2\/pages\/128"}],"collection":[{"href":"https:\/\/kita-obertheres.de\/index.php?rest_route=\/wp\/v2\/pages"}],"about":[{"href":"https:\/\/kita-obertheres.de\/index.php?rest_route=\/wp\/v2\/types\/page"}],"author":[{"embeddable":true,"href":"https:\/\/kita-obertheres.de\/index.php?rest_route=\/wp\/v2\/users\/1"}],"replies":[{"embeddable":true,"href":"https:\/\/kita-obertheres.de\/index.php?rest_route=%2Fwp%2Fv2%2Fcomments&post=128"}],"version-history":[{"count":5,"href":"https:\/\/kita-obertheres.de\/index.php?rest_route=\/wp\/v2\/pages\/128\/revisions"}],"predecessor-version":[{"id":418,"href":"https:\/\/kita-obertheres.de\/index.php?rest_route=\/wp\/v2\/pages\/128\/revisions\/418"}],"wp:attachment":[{"href":"https:\/\/kita-obertheres.de\/index.php?rest_route=%2Fwp%2Fv2%2Fmedia&parent=128"}],"curies":[{"name":"wp","href":"https:\/\/api.w.org\/{rel}","templated":true}]}}